{"id":21226,"date":"2025-06-20T20:15:53","date_gmt":"2025-06-21T00:15:53","guid":{"rendered":"http:\/\/www.multicasa.com.br\/cuiaba\/?post_type=product&#038;p=21226"},"modified":"2025-08-18T00:06:46","modified_gmt":"2025-08-18T04:06:46","slug":"filtro-para-coifa-scotch-brite-3m-80x60cm","status":"publish","type":"product","link":"https:\/\/www.multicasa.com.br\/cuiaba\/produto\/filtro-para-coifa-scotch-brite-3m-80x60cm\/","title":{"rendered":"Filtro para Coifa Scotch Brite 3M 80x60cm<br>SKU: 3100260"},"content":{"rendered":"<p>O Filtro para Coifa da Scotch Brite 3M \u00e9 ideal para fog\u00f5es que t\u00eam de 4 a 6 bocas com medidas de 80 x 60cm. \u00c9 feita 100% em poli\u00e9ster e ideal para absorver gordura e fuma\u00e7a, deixando sua cozinha com menos cheiros. Auxilia ainda na filtragem da poeira e da fuma\u00e7a de ambientes com ar-condicionado. Pode ser lavada.<\/p>\n","protected":false},"excerpt":{"rendered":"<h4 style=\"margin: 0px;padding: 0px 0px 16px;font-family: Lato, sans-serif;font-weight: bold;line-height: 3rem;color: var(--dark-grey3);font-size: 22px;font-style: normal;letter-spacing: normal;text-align: start;text-indent: 0px;text-transform: none\">Informa\u00e7\u00f5es t\u00e9cnicas<\/h4>\n<p><span style=\"margin: 0px;padding: 0px;font-weight: 450;font-size: 14px;line-height: 21px;color: var(--dark-grey2);font-family: Lato, sans-serif;font-style: normal;letter-spacing: normal;text-align: start;text-indent: 0px;text-transform: none\">Produto: Filtro de coifa<br \/>\nMarca: 3M<br \/>\nMaterial: 100% poli\u00e9ster<br \/>\nCor: Preto<br \/>\nUso indicado: Fog\u00f5es de 4 a 6 bocas<br \/>\nCaracter\u00edsticas: Absorve gordura e fuma\u00e7a<br \/>\nItens Inclusos: 1 filtro de coifa<br \/>\nDimens\u00f5es do produto (A X L): 80 x 60cm<br \/>\n<\/span><\/p>\n","protected":false},"featured_media":21289,"template":"","meta":{"_joinchat":[]},"product_brand":[],"product_cat":[93],"product_tag":[],"class_list":{"0":"post-21226","1":"product","2":"type-product","3":"status-publish","4":"has-post-thumbnail","6":"product_cat-utensilios-para-cozinha","8":"first","9":"instock","10":"shipping-taxable","11":"purchasable","12":"product-type-simple"},"_links":{"self":[{"href":"https:\/\/www.multicasa.com.br\/cuiaba\/wp-json\/wp\/v2\/product\/21226","targetHints":{"allow":["GET"]}}],"collection":[{"href":"https:\/\/www.multicasa.com.br\/cuiaba\/wp-json\/wp\/v2\/product"}],"about":[{"href":"https:\/\/www.multicasa.com.br\/cuiaba\/wp-json\/wp\/v2\/types\/product"}],"wp:featuredmedia":[{"embeddable":true,"href":"https:\/\/www.multicasa.com.br\/cuiaba\/wp-json\/wp\/v2\/media\/21289"}],"wp:attachment":[{"href":"https:\/\/www.multicasa.com.br\/cuiaba\/wp-json\/wp\/v2\/media?parent=21226"}],"wp:term":[{"taxonomy":"product_brand","embeddable":true,"href":"https:\/\/www.multicasa.com.br\/cuiaba\/wp-json\/wp\/v2\/product_brand?post=21226"},{"taxonomy":"product_cat","embeddable":true,"href":"https:\/\/www.multicasa.com.br\/cuiaba\/wp-json\/wp\/v2\/product_cat?post=21226"},{"taxonomy":"product_tag","embeddable":true,"href":"https:\/\/www.multicasa.com.br\/cuiaba\/wp-json\/wp\/v2\/product_tag?post=21226"}],"curies":[{"name":"wp","href":"https:\/\/api.w.org\/{rel}","templated":true}]}}