{"id":21232,"date":"2025-06-20T20:15:54","date_gmt":"2025-06-21T00:15:54","guid":{"rendered":"http:\/\/www.multicasa.com.br\/cuiaba\/?post_type=product&#038;p=21232"},"modified":"2025-08-27T11:34:00","modified_gmt":"2025-08-27T15:34:00","slug":"caixa-passagem-concreto-30x30-lajes","status":"publish","type":"product","link":"https:\/\/www.multicasa.com.br\/cuiaba\/produto\/caixa-passagem-concreto-30x30-lajes\/","title":{"rendered":"Caixa Passagem Concreto 30X30 Lajes<br>SKU: 3113817"},"content":{"rendered":"<p>As Caixas de Concreto s\u00e3o utilizadas para evitar entupimento de tubula\u00e7\u00f5es e facilitar o acesso de inspe\u00e7\u00f5es. S\u00e3o bem resistentes e normalmente utilizadas para inspe\u00e7\u00f5es, tratamento de esgoto e passagem el\u00e9trica. A Caixa de Concreto de Passagem para Esgoto t\u00eam como fun\u00e7\u00e3o evitar entupimento ou outros inconvenientes cheguem at\u00e9 a rede p\u00fablica, podendo causar problemas maiores para a comunidade local. A Caixa de Concreto para Esgoto serve como um tanque para onde \u00e9 levado o esgoto antes de ser encaminhado para a rede p\u00fablica.<\/p>\n","protected":false},"excerpt":{"rendered":"<h4 style=\"margin: 0px;padding: 0px 0px 16px;font-family: Lato, sans-serif;font-weight: bold;line-height: 3rem;color: var(--dark-grey3);font-size: 22px;font-style: normal;letter-spacing: normal;text-align: start;text-indent: 0px;text-transform: none\">Informa\u00e7\u00f5es t\u00e9cnicas<\/h4>\n<p><span style=\"margin: 0px;padding: 0px;font-weight: 450;font-size: 14px;line-height: 21px;color: var(--dark-grey2);font-family: Lato, sans-serif;font-style: normal;letter-spacing: normal;text-align: start;text-indent: 0px;text-transform: none\">Produto: CAIXA PASSAGEM CONCRETO 30X30 LAJES<br \/>\nMarca: LAJES<br \/>\nCor: concreto<br \/>\nCaracter\u00edsticas:<br \/>\n&#8211; Produto feito de concreto;<br \/>\n&#8211; Resistente;<br \/>\n&#8211; Possuem dois furos paralelos;<br \/>\n&#8211; \u00d3timo custo benef\u00edcio;<br \/>\n&#8211; Vendidos por pe\u00e7a;<br \/>\n&#8211; Peso: 63Kg<\/p>\n<p>Dimens\u00f5es do Produto: 30&#215;30<br \/>\n<\/span><\/p>\n","protected":false},"featured_media":24865,"template":"","meta":{"_joinchat":[]},"product_brand":[],"product_cat":[119],"product_tag":[],"class_list":{"0":"post-21232","1":"product","2":"type-product","3":"status-publish","4":"has-post-thumbnail","6":"product_cat-materiais-eletricos","8":"first","9":"instock","10":"shipping-taxable","11":"purchasable","12":"product-type-simple"},"_links":{"self":[{"href":"https:\/\/www.multicasa.com.br\/cuiaba\/wp-json\/wp\/v2\/product\/21232","targetHints":{"allow":["GET"]}}],"collection":[{"href":"https:\/\/www.multicasa.com.br\/cuiaba\/wp-json\/wp\/v2\/product"}],"about":[{"href":"https:\/\/www.multicasa.com.br\/cuiaba\/wp-json\/wp\/v2\/types\/product"}],"wp:featuredmedia":[{"embeddable":true,"href":"https:\/\/www.multicasa.com.br\/cuiaba\/wp-json\/wp\/v2\/media\/24865"}],"wp:attachment":[{"href":"https:\/\/www.multicasa.com.br\/cuiaba\/wp-json\/wp\/v2\/media?parent=21232"}],"wp:term":[{"taxonomy":"product_brand","embeddable":true,"href":"https:\/\/www.multicasa.com.br\/cuiaba\/wp-json\/wp\/v2\/product_brand?post=21232"},{"taxonomy":"product_cat","embeddable":true,"href":"https:\/\/www.multicasa.com.br\/cuiaba\/wp-json\/wp\/v2\/product_cat?post=21232"},{"taxonomy":"product_tag","embeddable":true,"href":"https:\/\/www.multicasa.com.br\/cuiaba\/wp-json\/wp\/v2\/product_tag?post=21232"}],"curies":[{"name":"wp","href":"https:\/\/api.w.org\/{rel}","templated":true}]}}