{"id":21258,"date":"2025-06-20T20:16:18","date_gmt":"2025-06-21T00:16:18","guid":{"rendered":"http:\/\/www.multicasa.com.br\/cuiaba\/?post_type=product&#038;p=21258"},"modified":"2026-04-25T11:50:38","modified_gmt":"2026-04-25T15:50:38","slug":"caixa-de-embutir-de-pvc-amarela-4x2-tramontina","status":"publish","type":"product","link":"https:\/\/www.multicasa.com.br\/cuiaba\/produto\/caixa-de-embutir-de-pvc-amarela-4x2-tramontina\/","title":{"rendered":"Caixa de Embutir de PVC Amarela 4&#215;2 Tramontina<br>SKU: 3165990"},"content":{"rendered":"<p>Ideal para alvenaria, a caixa de embutir para tomadas Tramontina 4&#215;2&#8221; foi desenvolvida em PVC de cor amarela. Fabricada para instala\u00e7\u00f5es el\u00e9tricas de resid\u00eancias, apartamentos e outras constru\u00e7\u00f5es similares, garante seguran\u00e7a e qualidade aos detalhes do acabamento.<\/p>\n","protected":false},"excerpt":{"rendered":"<h4 style=\"margin: 0px; padding: 0px 0px 16px; font-family: Lato, sans-serif; font-weight: bold; line-height: 3rem; color: var(--dark-grey3); font-size: 22px; font-style: normal; letter-spacing: normal; text-align: start; text-indent: 0px; text-transform: none;\">Informa\u00e7\u00f5es t\u00e9cnicas<\/h4>\n<p><span style=\"margin: 0px; padding: 0px; font-weight: 450; font-size: 14px; line-height: 21px; color: var(--dark-grey2); font-family: Lato, sans-serif; font-style: normal; letter-spacing: normal; text-align: start; text-indent: 0px; text-transform: none;\">Produto: Caixa de embutir<br \/>\nMarca: Tramontina<br \/>\nMaterial: PVC<br \/>\nCor: Amarelo<br \/>\nCaracter\u00edsticas: uso em alvenaria<br \/>\nideal para instala\u00e7\u00f5es el\u00e9tricas de resid\u00eancias e similares<br \/>\nResistente<br \/>\nItens inclusos: 1 Caixa de embutir<br \/>\nDimens\u00f5es em polegadas: 4&#215;2&#8221;<br \/>\n<\/span><\/p>\n","protected":false},"featured_media":21322,"template":"","meta":{"_joinchat":[]},"product_brand":[],"product_cat":[119,171],"product_tag":[],"class_list":{"0":"post-21258","1":"product","2":"type-product","3":"status-publish","4":"has-post-thumbnail","6":"product_cat-materiais-eletricos","7":"product_cat-ofertas","9":"first","10":"instock","11":"featured","12":"shipping-taxable","13":"purchasable","14":"product-type-simple"},"_links":{"self":[{"href":"https:\/\/www.multicasa.com.br\/cuiaba\/wp-json\/wp\/v2\/product\/21258","targetHints":{"allow":["GET"]}}],"collection":[{"href":"https:\/\/www.multicasa.com.br\/cuiaba\/wp-json\/wp\/v2\/product"}],"about":[{"href":"https:\/\/www.multicasa.com.br\/cuiaba\/wp-json\/wp\/v2\/types\/product"}],"wp:featuredmedia":[{"embeddable":true,"href":"https:\/\/www.multicasa.com.br\/cuiaba\/wp-json\/wp\/v2\/media\/21322"}],"wp:attachment":[{"href":"https:\/\/www.multicasa.com.br\/cuiaba\/wp-json\/wp\/v2\/media?parent=21258"}],"wp:term":[{"taxonomy":"product_brand","embeddable":true,"href":"https:\/\/www.multicasa.com.br\/cuiaba\/wp-json\/wp\/v2\/product_brand?post=21258"},{"taxonomy":"product_cat","embeddable":true,"href":"https:\/\/www.multicasa.com.br\/cuiaba\/wp-json\/wp\/v2\/product_cat?post=21258"},{"taxonomy":"product_tag","embeddable":true,"href":"https:\/\/www.multicasa.com.br\/cuiaba\/wp-json\/wp\/v2\/product_tag?post=21258"}],"curies":[{"name":"wp","href":"https:\/\/api.w.org\/{rel}","templated":true}]}}