{"id":21313,"date":"2025-06-20T20:17:10","date_gmt":"2025-06-21T00:17:10","guid":{"rendered":"http:\/\/www.multicasa.com.br\/cuiaba\/?post_type=product&#038;p=21313"},"modified":"2026-04-18T08:21:21","modified_gmt":"2026-04-18T12:21:21","slug":"silicone-liquido-multiuso-spray-tekbond-300ml","status":"publish","type":"product","link":"https:\/\/www.multicasa.com.br\/cuiaba\/produto\/silicone-liquido-multiuso-spray-tekbond-300ml\/","title":{"rendered":"Silicone L\u00edquido Multiuso Spray Tekbond 300ml<br>SKU: 3198790"},"content":{"rendered":"<p>O Silicone L\u00edquido Multiuso Spray Tekbond, foi desenvolvido para facilitar a aplica\u00e7\u00e3o do produto em superf\u00edcies, oferecendo prote\u00e7\u00e3o com economia e facilidade de uso. Utilizado em paineis de ve\u00edculos, pneus, bancos de couro, para-choques, pe\u00e7as cromadas, grades pl\u00e1sticas, vidros, m\u00f3veis, pratarias, cristais, entre outros. O produto \u00e9 incolor com odor caracterist\u00edco, insol\u00favel em \u00e1gua e oferece prote\u00e7\u00e3o e brilho em superf\u00edcies que precisam ser renovadas e protegidas das intemperies, al\u00e9m de evitar corros\u00e3o com seu filme protetor impermeabilizante, capaz de repelir a umidade.<br \/>\nN\u00e3o prejudica a camada de oz\u00f4nio e n\u00e3o cont\u00e9m cfc. <\/p>\n","protected":false},"excerpt":{"rendered":"<h4 style=\"margin: 0px;padding: 0px 0px 16px;font-family: Lato, sans-serif;font-weight: bold;line-height: 3rem;color: var(--dark-grey3);font-size: 22px;font-style: normal;letter-spacing: normal;text-align: start;text-indent: 0px;text-transform: none\">Informa\u00e7\u00f5es t\u00e9cnicas<\/h4>\n<p><span style=\"margin: 0px;padding: 0px;font-weight: 450;font-size: 14px;line-height: 21px;color: var(--dark-grey2);font-family: Lato, sans-serif;font-style: normal;letter-spacing: normal;text-align: start;text-indent: 0px;text-transform: none\">Produto: Silicone L\u00edquido<br \/>\nMarca: Tekbon<br \/>\nComposi\u00e7\u00e3o: Silicone<br \/>\nConte\u00fado: 300ml<br \/>\nCaracter\u00edsticas: Insol\u00favel em \u00e1gua<br \/>\nPh a 25c 6,00 a 7,50<br \/>\nDensidade a 25c 0,97 a 1,01 g-cm3<br \/>\nPress\u00e3o interna a 50c 45 a 65 psi<br \/>\nTaxa de libera\u00e7\u00e3o 60 a 100 g\/min<br \/>\nAnticorrosivo<br \/>\nItens Inclusos: 1 Silicone L\u00edquido<br \/>\n<\/span><\/p>\n","protected":false},"featured_media":21392,"template":"","meta":{"_joinchat":[]},"product_brand":[],"product_cat":[162],"product_tag":[],"class_list":{"0":"post-21313","1":"product","2":"type-product","3":"status-publish","4":"has-post-thumbnail","6":"product_cat-colas-e-cia","8":"first","9":"instock","10":"shipping-taxable","11":"purchasable","12":"product-type-simple"},"_links":{"self":[{"href":"https:\/\/www.multicasa.com.br\/cuiaba\/wp-json\/wp\/v2\/product\/21313","targetHints":{"allow":["GET"]}}],"collection":[{"href":"https:\/\/www.multicasa.com.br\/cuiaba\/wp-json\/wp\/v2\/product"}],"about":[{"href":"https:\/\/www.multicasa.com.br\/cuiaba\/wp-json\/wp\/v2\/types\/product"}],"wp:featuredmedia":[{"embeddable":true,"href":"https:\/\/www.multicasa.com.br\/cuiaba\/wp-json\/wp\/v2\/media\/21392"}],"wp:attachment":[{"href":"https:\/\/www.multicasa.com.br\/cuiaba\/wp-json\/wp\/v2\/media?parent=21313"}],"wp:term":[{"taxonomy":"product_brand","embeddable":true,"href":"https:\/\/www.multicasa.com.br\/cuiaba\/wp-json\/wp\/v2\/product_brand?post=21313"},{"taxonomy":"product_cat","embeddable":true,"href":"https:\/\/www.multicasa.com.br\/cuiaba\/wp-json\/wp\/v2\/product_cat?post=21313"},{"taxonomy":"product_tag","embeddable":true,"href":"https:\/\/www.multicasa.com.br\/cuiaba\/wp-json\/wp\/v2\/product_tag?post=21313"}],"curies":[{"name":"wp","href":"https:\/\/api.w.org\/{rel}","templated":true}]}}