{"id":21437,"date":"2025-06-20T20:19:11","date_gmt":"2025-06-21T00:19:11","guid":{"rendered":"http:\/\/www.multicasa.com.br\/cuiaba\/?post_type=product&#038;p=21437"},"modified":"2026-04-18T08:21:25","modified_gmt":"2026-04-18T12:21:25","slug":"fita-adesiva-transparente-scotch-45mmx45m","status":"publish","type":"product","link":"https:\/\/www.multicasa.com.br\/cuiaba\/produto\/fita-adesiva-transparente-scotch-45mmx45m\/","title":{"rendered":"Fita Adesiva Transparente Scotch 45mmx45m<br>SKU: 3287750"},"content":{"rendered":"<p>A fita adesiva transparente durex garante embrulhos, embalagens e pacotes sempre bem feitos e caprichados. Com alta ades\u00e3o, apresenta excelente acabamento e pode ser usada em diversas atividades escolares, colagens e at\u00e9 mesmo emendas. N\u00e3o aparece nos pacotes, \u00e9 resistente \u00e0 umidade, mais pr\u00e1tica e r\u00e1pida de colar. Pode ser cortada com as m\u00e3os, dispensando suportes. Mede 45mm x 45m.<\/p>\n","protected":false},"excerpt":{"rendered":"<h4 style=\"margin: 0px;padding: 0px 0px 16px;font-family: Lato, sans-serif;font-weight: bold;line-height: 3rem;color: var(--dark-grey3);font-size: 22px;font-style: normal;letter-spacing: normal;text-align: start;text-indent: 0px;text-transform: none\">Informa\u00e7\u00f5es t\u00e9cnicas<\/h4>\n<p><span style=\"margin: 0px;padding: 0px;font-weight: 450;font-size: 14px;line-height: 21px;color: var(--dark-grey2);font-family: Lato, sans-serif;font-style: normal;letter-spacing: normal;text-align: start;text-indent: 0px;text-transform: none\">Produto: Fita Adesiva<br \/>\nMarca: Scotch 3M<br \/>\nCor: Incolor<br \/>\nCaracter\u00edsticas: Tecnologia de adesivo &#8220;hot melt&#8221;<br \/>\nDesenrolamento leve<br \/>\nItens Inclusos: 1 Fita Adesiva<br \/>\nDimens\u00f5es do produto (A X C): 45mm x 45m<\/span><\/p>\n","protected":false},"featured_media":25198,"template":"","meta":{"_joinchat":[]},"product_brand":[],"product_cat":[162],"product_tag":[],"class_list":{"0":"post-21437","1":"product","2":"type-product","3":"status-publish","4":"has-post-thumbnail","6":"product_cat-colas-e-cia","8":"first","9":"instock","10":"shipping-taxable","11":"purchasable","12":"product-type-simple"},"_links":{"self":[{"href":"https:\/\/www.multicasa.com.br\/cuiaba\/wp-json\/wp\/v2\/product\/21437","targetHints":{"allow":["GET"]}}],"collection":[{"href":"https:\/\/www.multicasa.com.br\/cuiaba\/wp-json\/wp\/v2\/product"}],"about":[{"href":"https:\/\/www.multicasa.com.br\/cuiaba\/wp-json\/wp\/v2\/types\/product"}],"wp:featuredmedia":[{"embeddable":true,"href":"https:\/\/www.multicasa.com.br\/cuiaba\/wp-json\/wp\/v2\/media\/25198"}],"wp:attachment":[{"href":"https:\/\/www.multicasa.com.br\/cuiaba\/wp-json\/wp\/v2\/media?parent=21437"}],"wp:term":[{"taxonomy":"product_brand","embeddable":true,"href":"https:\/\/www.multicasa.com.br\/cuiaba\/wp-json\/wp\/v2\/product_brand?post=21437"},{"taxonomy":"product_cat","embeddable":true,"href":"https:\/\/www.multicasa.com.br\/cuiaba\/wp-json\/wp\/v2\/product_cat?post=21437"},{"taxonomy":"product_tag","embeddable":true,"href":"https:\/\/www.multicasa.com.br\/cuiaba\/wp-json\/wp\/v2\/product_tag?post=21437"}],"curies":[{"name":"wp","href":"https:\/\/api.w.org\/{rel}","templated":true}]}}