{"id":21532,"date":"2025-06-20T20:20:49","date_gmt":"2025-06-21T00:20:49","guid":{"rendered":"http:\/\/www.multicasa.com.br\/cuiaba\/?post_type=product&#038;p=21532"},"modified":"2026-02-23T10:52:07","modified_gmt":"2026-02-23T14:52:07","slug":"silicone-acetico-branco-tekbond-280g","status":"publish","type":"product","link":"https:\/\/www.multicasa.com.br\/cuiaba\/produto\/silicone-acetico-branco-tekbond-280g\/","title":{"rendered":"Silicone Ac\u00e9tico Branco Tekbond 280g<br>SKU: 3359760"},"content":{"rendered":"<p>Silicone Ac\u00e9tico Branco Tekbond 280g, produto de uso geral muito utilizado na constru\u00e7\u00e3o civil na veda\u00e7\u00e3o e selagem de pias e vasos sanit\u00e1rios, box em banheiros, portas e janelas. Possui excelente resist\u00eancia aos raios uv e pode ser aplicado em \u00e1reas externas. \u00c9 um adesivo selante antifungo e de cura ac\u00e9tica, sua cura ocorre em temperatura ambiente e na exposi\u00e7\u00e3o a umidade do ar. Na cor branco, possui odor caracter\u00edstico (\u00e1cido ac\u00e9tico) e tem secagem com tempo de forma\u00e7\u00e3o de pel\u00edcula de 5 a 15 minutos.<br \/>\nN\u00e3o indicado para fachadas de vidro e qualquer ades\u00e3o estrutural que necessite resist\u00eancia, contato de alimentos, imers\u00e3o cont\u00ednua em meios l\u00edquidos e em espa\u00e7os totalmente fechados, tamb\u00e9m n\u00e3o aceita pintura.<\/p>\n","protected":false},"excerpt":{"rendered":"<h4 style=\"margin: 0px;padding: 0px 0px 16px;font-family: Lato, sans-serif;font-weight: bold;line-height: 3rem;color: var(--dark-grey3);font-size: 22px;font-style: normal;letter-spacing: normal;text-align: start;text-indent: 0px;text-transform: none\">Informa\u00e7\u00f5es t\u00e9cnicas<\/h4>\n<p><span style=\"margin: 0px;padding: 0px;font-weight: 450;font-size: 14px;line-height: 21px;color: var(--dark-grey2);font-family: Lato, sans-serif;font-style: normal;letter-spacing: normal;text-align: start;text-indent: 0px;text-transform: none\">Produto: Silicone Ac\u00e9tico<br \/>\nMarca: Tekbond<br \/>\nComposi\u00e7\u00e3o: Selante tixotr\u00f3pico monocomponente<br \/>\nAdesivo ac\u00e9tico<br \/>\nCor: Branco<br \/>\nConte\u00fado: 280g<br \/>\nCaracter\u00edsticas: Odor de \u00e1cido ac\u00e9tico<br \/>\nDensidade a 25 \u00b0C (g\/ml) 0,93 a 1,05<br \/>\nTempo de forma\u00e7\u00e3o de pel\u00edcula 5 a 15 minutos<br \/>\nTemperatura ideal de aplica\u00e7\u00e3o + 5 a 35\u00b0c<br \/>\nTemperatura de trabalho &#8211; 50 a 150\u00b0c<br \/>\nAlongamento a ruptura=800 %<br \/>\nDureza shore a 25<br \/>\nItens Inclusos: 1 Silicone Ac\u00e9tico<\/span><\/p>\n","protected":false},"featured_media":21587,"template":"","meta":{"_joinchat":[]},"product_brand":[],"product_cat":[162],"product_tag":[],"class_list":{"0":"post-21532","1":"product","2":"type-product","3":"status-publish","4":"has-post-thumbnail","6":"product_cat-colas-e-cia","8":"first","9":"instock","10":"shipping-taxable","11":"purchasable","12":"product-type-simple"},"_links":{"self":[{"href":"https:\/\/www.multicasa.com.br\/cuiaba\/wp-json\/wp\/v2\/product\/21532","targetHints":{"allow":["GET"]}}],"collection":[{"href":"https:\/\/www.multicasa.com.br\/cuiaba\/wp-json\/wp\/v2\/product"}],"about":[{"href":"https:\/\/www.multicasa.com.br\/cuiaba\/wp-json\/wp\/v2\/types\/product"}],"wp:featuredmedia":[{"embeddable":true,"href":"https:\/\/www.multicasa.com.br\/cuiaba\/wp-json\/wp\/v2\/media\/21587"}],"wp:attachment":[{"href":"https:\/\/www.multicasa.com.br\/cuiaba\/wp-json\/wp\/v2\/media?parent=21532"}],"wp:term":[{"taxonomy":"product_brand","embeddable":true,"href":"https:\/\/www.multicasa.com.br\/cuiaba\/wp-json\/wp\/v2\/product_brand?post=21532"},{"taxonomy":"product_cat","embeddable":true,"href":"https:\/\/www.multicasa.com.br\/cuiaba\/wp-json\/wp\/v2\/product_cat?post=21532"},{"taxonomy":"product_tag","embeddable":true,"href":"https:\/\/www.multicasa.com.br\/cuiaba\/wp-json\/wp\/v2\/product_tag?post=21532"}],"curies":[{"name":"wp","href":"https:\/\/api.w.org\/{rel}","templated":true}]}}