{"id":21591,"date":"2025-06-20T20:21:42","date_gmt":"2025-06-21T00:21:42","guid":{"rendered":"http:\/\/www.multicasa.com.br\/cuiaba\/?post_type=product&#038;p=21591"},"modified":"2026-04-15T16:52:16","modified_gmt":"2026-04-15T20:52:16","slug":"graxa-lubrificante-branca-spray-tekbond-300ml","status":"publish","type":"product","link":"https:\/\/www.multicasa.com.br\/cuiaba\/produto\/graxa-lubrificante-branca-spray-tekbond-300ml\/","title":{"rendered":"Graxa Lubrificante Branca Spray Tekbond 300ml<br>SKU: 3443418"},"content":{"rendered":"<p>Graxa Lubrificante Spray Tekbond na cor branco, utilizada em correntes e rolamentos de m\u00e9dia velocidade, pinos, luvas, juntas, etc. \u00c9 um lubrificante de alta resist\u00eancia e possui pel\u00edcula de prote\u00e7\u00e3o contra emperramento de pe\u00e7as por empoeiramento.<\/p>\n","protected":false},"excerpt":{"rendered":"<h4 style=\"margin: 0px;padding: 0px 0px 16px;font-family: Lato, sans-serif;font-weight: bold;line-height: 3rem;color: var(--dark-grey3);font-size: 22px;font-style: normal;letter-spacing: normal;text-align: start;text-indent: 0px;text-transform: none\">Informa\u00e7\u00f5es t\u00e9cnicas<\/h4>\n<p><span style=\"margin: 0px;padding: 0px;font-weight: 450;font-size: 14px;line-height: 21px;color: var(--dark-grey2);font-family: Lato, sans-serif;font-style: normal;letter-spacing: normal;text-align: start;text-indent: 0px;text-transform: none\">Produto: Graxa Lubrificante Spray<br \/>\nMarca: Tekbond<br \/>\nComposi\u00e7\u00e3o: Graxa de oleo de petr\u00f3leo<br \/>\nSab\u00e3o de l\u00edtio<br \/>\nAditivos anticorrosivos<br \/>\nG\u00e1s butano<br \/>\nPropano<br \/>\nCor: Branca<br \/>\nConte\u00fado: 300ml<br \/>\nCaracter\u00edsticas: Possui pel\u00edcula de prote\u00e7\u00e3o contra emperramento de pe\u00e7as por empoeiramento<br \/>\nSpray<br \/>\nItens Inclusos: 1 Graxa em bisnaga<br \/>\n<\/span><\/p>\n","protected":false},"featured_media":21658,"template":"","meta":{"_joinchat":[]},"product_brand":[],"product_cat":[162],"product_tag":[],"class_list":{"0":"post-21591","1":"product","2":"type-product","3":"status-publish","4":"has-post-thumbnail","6":"product_cat-colas-e-cia","8":"first","9":"instock","10":"shipping-taxable","11":"purchasable","12":"product-type-simple"},"_links":{"self":[{"href":"https:\/\/www.multicasa.com.br\/cuiaba\/wp-json\/wp\/v2\/product\/21591","targetHints":{"allow":["GET"]}}],"collection":[{"href":"https:\/\/www.multicasa.com.br\/cuiaba\/wp-json\/wp\/v2\/product"}],"about":[{"href":"https:\/\/www.multicasa.com.br\/cuiaba\/wp-json\/wp\/v2\/types\/product"}],"wp:featuredmedia":[{"embeddable":true,"href":"https:\/\/www.multicasa.com.br\/cuiaba\/wp-json\/wp\/v2\/media\/21658"}],"wp:attachment":[{"href":"https:\/\/www.multicasa.com.br\/cuiaba\/wp-json\/wp\/v2\/media?parent=21591"}],"wp:term":[{"taxonomy":"product_brand","embeddable":true,"href":"https:\/\/www.multicasa.com.br\/cuiaba\/wp-json\/wp\/v2\/product_brand?post=21591"},{"taxonomy":"product_cat","embeddable":true,"href":"https:\/\/www.multicasa.com.br\/cuiaba\/wp-json\/wp\/v2\/product_cat?post=21591"},{"taxonomy":"product_tag","embeddable":true,"href":"https:\/\/www.multicasa.com.br\/cuiaba\/wp-json\/wp\/v2\/product_tag?post=21591"}],"curies":[{"name":"wp","href":"https:\/\/api.w.org\/{rel}","templated":true}]}}