{"id":21648,"date":"2025-06-20T20:22:49","date_gmt":"2025-06-21T00:22:49","guid":{"rendered":"http:\/\/www.multicasa.com.br\/cuiaba\/?post_type=product&#038;p=21648"},"modified":"2026-02-09T10:30:33","modified_gmt":"2026-02-09T14:30:33","slug":"cola-multiuso-fixtudo-tekbond-20g","status":"publish","type":"product","link":"https:\/\/www.multicasa.com.br\/cuiaba\/produto\/cola-multiuso-fixtudo-tekbond-20g\/","title":{"rendered":"Cola Multiuso Fixtudo Tekbond 20g<br>SKU: 3472990"},"content":{"rendered":"<p>A cola multiuso fixtudo Tekbond \u00e9 a primeira cola vedante multi-materiais com tecnologia pesilox. Ideal para fixa\u00e7\u00e3o de todos os tipos de materiais em pedras, concreto, m\u00e1rmore, granito, corti\u00e7a, isopor, a\u00e7o, chumbo, alum\u00ednio, madeira e muito mais! Com base solvente, a cola multiuso tem alt\u00edssimo poder de ades\u00e3o, veda\u00e7\u00e3o e resiste a flex\u00f5es, lavagens, impactos e vibra\u00e7\u00f5es.<\/p>\n","protected":false},"excerpt":{"rendered":"<h4 style=\"margin: 0px;padding: 0px 0px 16px;font-family: Lato, sans-serif;font-weight: bold;line-height: 3rem;color: var(--dark-grey3);font-size: 22px;font-style: normal;letter-spacing: normal;text-align: start;text-indent: 0px;text-transform: none\">Informa\u00e7\u00f5es t\u00e9cnicas<\/h4>\n<p><span style=\"margin: 0px;padding: 0px;font-weight: 450;font-size: 14px;line-height: 21px;color: var(--dark-grey2);font-family: Lato, sans-serif;font-style: normal;letter-spacing: normal;text-align: start;text-indent: 0px;text-transform: none\">Produto: Cola Multiuso<br \/>\nMarca: Tekbond<br \/>\nComposi\u00e7\u00e3o: Silicone<br \/>\nPoliuretano<br \/>\nSolvente<br \/>\nConte\u00fado: 20g<br \/>\nCaracter\u00edsticas: Alto poder de ades\u00e3o e veda\u00e7\u00e3o<br \/>\nResist\u00eancia \u00e0 temperatura de -40 a 120\u00b0C<br \/>\nTecnologia pesilox<br \/>\nItens inclusos: 1 Cola Multiuso<br \/>\n<\/span><\/p>\n","protected":false},"featured_media":21700,"template":"","meta":{"_joinchat":[]},"product_brand":[],"product_cat":[162],"product_tag":[],"class_list":{"0":"post-21648","1":"product","2":"type-product","3":"status-publish","4":"has-post-thumbnail","6":"product_cat-colas-e-cia","8":"first","9":"instock","10":"shipping-taxable","11":"purchasable","12":"product-type-simple"},"_links":{"self":[{"href":"https:\/\/www.multicasa.com.br\/cuiaba\/wp-json\/wp\/v2\/product\/21648","targetHints":{"allow":["GET"]}}],"collection":[{"href":"https:\/\/www.multicasa.com.br\/cuiaba\/wp-json\/wp\/v2\/product"}],"about":[{"href":"https:\/\/www.multicasa.com.br\/cuiaba\/wp-json\/wp\/v2\/types\/product"}],"wp:featuredmedia":[{"embeddable":true,"href":"https:\/\/www.multicasa.com.br\/cuiaba\/wp-json\/wp\/v2\/media\/21700"}],"wp:attachment":[{"href":"https:\/\/www.multicasa.com.br\/cuiaba\/wp-json\/wp\/v2\/media?parent=21648"}],"wp:term":[{"taxonomy":"product_brand","embeddable":true,"href":"https:\/\/www.multicasa.com.br\/cuiaba\/wp-json\/wp\/v2\/product_brand?post=21648"},{"taxonomy":"product_cat","embeddable":true,"href":"https:\/\/www.multicasa.com.br\/cuiaba\/wp-json\/wp\/v2\/product_cat?post=21648"},{"taxonomy":"product_tag","embeddable":true,"href":"https:\/\/www.multicasa.com.br\/cuiaba\/wp-json\/wp\/v2\/product_tag?post=21648"}],"curies":[{"name":"wp","href":"https:\/\/api.w.org\/{rel}","templated":true}]}}