{"id":21682,"date":"2025-06-20T20:23:15","date_gmt":"2025-06-21T00:23:15","guid":{"rendered":"http:\/\/www.multicasa.com.br\/cuiaba\/?post_type=product&#038;p=21682"},"modified":"2026-03-24T11:51:15","modified_gmt":"2026-03-24T15:51:15","slug":"fita-viaflex-pro-10cmx10m-viapol","status":"publish","type":"product","link":"https:\/\/www.multicasa.com.br\/cuiaba\/produto\/fita-viaflex-pro-10cmx10m-viapol\/","title":{"rendered":"Fita Viaflex Pro 10Cmx10M Viapol<br>SKU: 3594653"},"content":{"rendered":"<p>Viaflex Fita \u00e9 uma fita imperme\u00e1vel auto-adesiva composta de uma camada de adesivo asf\u00e1ltico, recoberta com uma l\u00e2mina de alum\u00ednio flex\u00edvel e protegida por um filme pl\u00e1stico. Material de f\u00e1cil aplica\u00e7\u00e3o que proporcionando solu\u00e7\u00e3o imediata em reparos<\/p>\n","protected":false},"excerpt":{"rendered":"<h4 style=\"margin: 0px;padding: 0px 0px 16px;font-family: Lato, sans-serif;font-weight: bold;line-height: 3rem;color: var(--dark-grey3);font-size: 22px;font-style: normal;letter-spacing: normal;text-align: start;text-indent: 0px;text-transform: none\">Informa\u00e7\u00f5es t\u00e9cnicas<\/h4>\n<p><span style=\"margin: 0px;padding: 0px;font-weight: 450;font-size: 14px;line-height: 21px;color: var(--dark-grey2);font-family: Lato, sans-serif;font-style: normal;letter-spacing: normal;text-align: start;text-indent: 0px;text-transform: none\">Produto: FITA VIAFLEX PRO 10CMX10M VIAPOL<br \/>\nMarca: VIAPOL<\/p>\n<p>Caracteristicas:<br \/>\n&#8211; Indicado: Telhas (met\u00e1licas: fibrocimento e concreto); Rufos e calhas met\u00e1licas; Prote\u00e7\u00e3o de tubula\u00e7\u00e3o PVC exposta ao tempo; Dutos de ventila\u00e7\u00e3o e ar condicionado; Cantoneiras, furg\u00f5es, carrocerias ba\u00fa; Barraca de camping; &#8211; Fechamento das sobreposi\u00e7\u00f5es em sistema de subcobertura;<br \/>\n&#8211; Dimens\u00f5es: 0,10M X 10M;<br \/>\n&#8211; Espessura: 10,0 MM;<br \/>\n&#8211; Peso: 0,500KG.<\/span><\/p>\n","protected":false},"featured_media":25218,"template":"","meta":{"_joinchat":[]},"product_brand":[],"product_cat":[162],"product_tag":[],"class_list":{"0":"post-21682","1":"product","2":"type-product","3":"status-publish","4":"has-post-thumbnail","6":"product_cat-colas-e-cia","8":"first","9":"instock","10":"shipping-taxable","11":"purchasable","12":"product-type-simple"},"_links":{"self":[{"href":"https:\/\/www.multicasa.com.br\/cuiaba\/wp-json\/wp\/v2\/product\/21682","targetHints":{"allow":["GET"]}}],"collection":[{"href":"https:\/\/www.multicasa.com.br\/cuiaba\/wp-json\/wp\/v2\/product"}],"about":[{"href":"https:\/\/www.multicasa.com.br\/cuiaba\/wp-json\/wp\/v2\/types\/product"}],"wp:featuredmedia":[{"embeddable":true,"href":"https:\/\/www.multicasa.com.br\/cuiaba\/wp-json\/wp\/v2\/media\/25218"}],"wp:attachment":[{"href":"https:\/\/www.multicasa.com.br\/cuiaba\/wp-json\/wp\/v2\/media?parent=21682"}],"wp:term":[{"taxonomy":"product_brand","embeddable":true,"href":"https:\/\/www.multicasa.com.br\/cuiaba\/wp-json\/wp\/v2\/product_brand?post=21682"},{"taxonomy":"product_cat","embeddable":true,"href":"https:\/\/www.multicasa.com.br\/cuiaba\/wp-json\/wp\/v2\/product_cat?post=21682"},{"taxonomy":"product_tag","embeddable":true,"href":"https:\/\/www.multicasa.com.br\/cuiaba\/wp-json\/wp\/v2\/product_tag?post=21682"}],"curies":[{"name":"wp","href":"https:\/\/api.w.org\/{rel}","templated":true}]}}