{"id":21707,"date":"2025-06-20T20:23:40","date_gmt":"2025-06-21T00:23:40","guid":{"rendered":"http:\/\/www.multicasa.com.br\/cuiaba\/?post_type=product&#038;p=21707"},"modified":"2026-03-28T12:40:29","modified_gmt":"2026-03-28T16:40:29","slug":"cola-instantanea-793-tekbond-20g","status":"publish","type":"product","link":"https:\/\/www.multicasa.com.br\/cuiaba\/produto\/cola-instantanea-793-tekbond-20g\/","title":{"rendered":"Cola Instant\u00e2nea 793 Tekbond 20g<br>SKU: 3624765"},"content":{"rendered":"<p>Use a Cola Instant\u00e2nea 793 Tekbond, perfeita para fazer reparos e ajustes em diversos objetos. Com 20g de conte\u00fado, possui um bico dosador que \u00e9 perfeito para atingir at\u00e9 os menores objetos. \u00c9 um produto monocomponente e n\u00e3o requer mistura, o processo de cura inicia-se quando uma fina camada de adesivo \u00e9 aplicada entre as superf\u00edcies entrando em contato com a umidade do ar atmosf\u00e9rico. De r\u00e1pida secagem, adere a diversos tipos de materiais, como compostos de borracha, EDPM, borracha nitr\u00edlica, neoprene e outros. Esse produto \u00e9 perfeito para ser usado por profissionais do setor m\u00f3vel e industrial.<\/p>\n","protected":false},"excerpt":{"rendered":"<h4 style=\"margin: 0px;padding: 0px 0px 16px;font-family: Lato, sans-serif;font-weight: bold;line-height: 3rem;color: var(--dark-grey3);font-size: 22px;font-style: normal;letter-spacing: normal;text-align: start;text-indent: 0px;text-transform: none\">Informa\u00e7\u00f5es t\u00e9cnicas<\/h4>\n<p><span style=\"margin: 0px;padding: 0px;font-weight: 450;font-size: 14px;line-height: 21px;color: var(--dark-grey2);font-family: Lato, sans-serif;font-style: normal;letter-spacing: normal;text-align: start;text-indent: 0px;text-transform: none\">Produto: Cola Instant\u00e2nea<br \/>\nMarca: Tekbond<br \/>\nComposi\u00e7\u00e3o: Etilcianoacrilato<br \/>\nConte\u00fado: 20g<br \/>\nCaracter\u00edsticas: Alta resist\u00eancia; com bico dosador; Secagem r\u00e1pida<br \/>\nItens inclusos: 1 Cola Instant\u00e2nea<\/span><\/p>\n","protected":false},"featured_media":21766,"template":"","meta":{"_joinchat":[]},"product_brand":[],"product_cat":[162],"product_tag":[],"class_list":{"0":"post-21707","1":"product","2":"type-product","3":"status-publish","4":"has-post-thumbnail","6":"product_cat-colas-e-cia","8":"first","9":"instock","10":"shipping-taxable","11":"purchasable","12":"product-type-simple"},"_links":{"self":[{"href":"https:\/\/www.multicasa.com.br\/cuiaba\/wp-json\/wp\/v2\/product\/21707","targetHints":{"allow":["GET"]}}],"collection":[{"href":"https:\/\/www.multicasa.com.br\/cuiaba\/wp-json\/wp\/v2\/product"}],"about":[{"href":"https:\/\/www.multicasa.com.br\/cuiaba\/wp-json\/wp\/v2\/types\/product"}],"wp:featuredmedia":[{"embeddable":true,"href":"https:\/\/www.multicasa.com.br\/cuiaba\/wp-json\/wp\/v2\/media\/21766"}],"wp:attachment":[{"href":"https:\/\/www.multicasa.com.br\/cuiaba\/wp-json\/wp\/v2\/media?parent=21707"}],"wp:term":[{"taxonomy":"product_brand","embeddable":true,"href":"https:\/\/www.multicasa.com.br\/cuiaba\/wp-json\/wp\/v2\/product_brand?post=21707"},{"taxonomy":"product_cat","embeddable":true,"href":"https:\/\/www.multicasa.com.br\/cuiaba\/wp-json\/wp\/v2\/product_cat?post=21707"},{"taxonomy":"product_tag","embeddable":true,"href":"https:\/\/www.multicasa.com.br\/cuiaba\/wp-json\/wp\/v2\/product_tag?post=21707"}],"curies":[{"name":"wp","href":"https:\/\/api.w.org\/{rel}","templated":true}]}}