{"id":21752,"date":"2025-06-20T20:24:26","date_gmt":"2025-06-21T00:24:26","guid":{"rendered":"http:\/\/www.multicasa.com.br\/cuiaba\/?post_type=product&#038;p=21752"},"modified":"2026-02-10T09:51:16","modified_gmt":"2026-02-10T13:51:16","slug":"fita-crepe-adelbras-48mmx50m","status":"publish","type":"product","link":"https:\/\/www.multicasa.com.br\/cuiaba\/produto\/fita-crepe-adelbras-48mmx50m\/","title":{"rendered":"Fita Crepe Adelbras 48mmx50m<br>SKU: 3666255"},"content":{"rendered":"<p>A Fita Crepe Adelbras \u00e9 perfeita para o fechamento de caixas de papel\u00e3o, identifica\u00e7\u00e3o, emendas e refor\u00e7o. Com 48mm e 50 metros, \u00e9 ideal para mascaramento de pinturas automotivas e imobili\u00e1rias, trabalhos escolares, fixa\u00e7\u00f5es, prote\u00e7\u00e3o e enfaixamento. Depois de aplicada n\u00e3o deixa res\u00edduos, podendo ser facilmente removida com at\u00e9 24 horas ap\u00f3s a aplica\u00e7\u00e3o.<\/p>\n","protected":false},"excerpt":{"rendered":"<h4 style=\"margin: 0px;padding: 0px 0px 16px;font-family: Lato, sans-serif;font-weight: bold;line-height: 3rem;color: var(--dark-grey3);font-size: 22px;font-style: normal;letter-spacing: normal;text-align: start;text-indent: 0px;text-transform: none\">Informa\u00e7\u00f5es t\u00e9cnicas<\/h4>\n<p><span style=\"margin: 0px;padding: 0px;font-weight: 450;font-size: 14px;line-height: 21px;color: var(--dark-grey2);font-family: Lato, sans-serif;font-style: normal;letter-spacing: normal;text-align: start;text-indent: 0px;text-transform: none\">Produto: Fita Crepe<br \/>\nMarca: Adelbras<br \/>\nMaterial: Papel crepado<br \/>\nCor: Branco<br \/>\nCaracter\u00edsticas: Utilizado em trabalhos de pintura; f\u00e1cil remo\u00e7\u00e3o<br \/>\nItens Inclusos: 1 Fita Crepe<br \/>\nDimens\u00f5es do produto (A X C): 48mm x 50m<\/span><\/p>\n","protected":false},"featured_media":21800,"template":"","meta":{"_joinchat":[]},"product_brand":[],"product_cat":[162],"product_tag":[],"class_list":{"0":"post-21752","1":"product","2":"type-product","3":"status-publish","4":"has-post-thumbnail","6":"product_cat-colas-e-cia","8":"first","9":"instock","10":"shipping-taxable","11":"purchasable","12":"product-type-simple"},"_links":{"self":[{"href":"https:\/\/www.multicasa.com.br\/cuiaba\/wp-json\/wp\/v2\/product\/21752","targetHints":{"allow":["GET"]}}],"collection":[{"href":"https:\/\/www.multicasa.com.br\/cuiaba\/wp-json\/wp\/v2\/product"}],"about":[{"href":"https:\/\/www.multicasa.com.br\/cuiaba\/wp-json\/wp\/v2\/types\/product"}],"wp:featuredmedia":[{"embeddable":true,"href":"https:\/\/www.multicasa.com.br\/cuiaba\/wp-json\/wp\/v2\/media\/21800"}],"wp:attachment":[{"href":"https:\/\/www.multicasa.com.br\/cuiaba\/wp-json\/wp\/v2\/media?parent=21752"}],"wp:term":[{"taxonomy":"product_brand","embeddable":true,"href":"https:\/\/www.multicasa.com.br\/cuiaba\/wp-json\/wp\/v2\/product_brand?post=21752"},{"taxonomy":"product_cat","embeddable":true,"href":"https:\/\/www.multicasa.com.br\/cuiaba\/wp-json\/wp\/v2\/product_cat?post=21752"},{"taxonomy":"product_tag","embeddable":true,"href":"https:\/\/www.multicasa.com.br\/cuiaba\/wp-json\/wp\/v2\/product_tag?post=21752"}],"curies":[{"name":"wp","href":"https:\/\/api.w.org\/{rel}","templated":true}]}}