{"id":21783,"date":"2025-06-20T20:24:50","date_gmt":"2025-06-21T00:24:50","guid":{"rendered":"http:\/\/www.multicasa.com.br\/cuiaba\/?post_type=product&#038;p=21783"},"modified":"2026-02-28T11:31:07","modified_gmt":"2026-02-28T15:31:07","slug":"gancho-adesivo-de-metal-para-quadros-command-3m-23kg","status":"publish","type":"product","link":"https:\/\/www.multicasa.com.br\/cuiaba\/produto\/gancho-adesivo-de-metal-para-quadros-command-3m-23kg\/","title":{"rendered":"Gancho Adesivo de Metal para Quadros Command 3M &#8211; 2,3kg<br>SKU: 3732380"},"content":{"rendered":"<p>Use o Gancho Adesivo de Metal da Command para fixar seus quadros, artigos de decora\u00e7\u00e3o, controle remoto e o que mais voc\u00ea quiser sem precisar furar a parede. Sua tecnologia foi desenvolvida para quadros com arames, encaixe dentilhado e com furo redondo e suporta at\u00e9 2,3 kg. Dispon\u00edvel na cor prata, n\u00e3o arranca a tira da parede na remo\u00e7\u00e3o dos objetos e vai facilitar sua rotina na hora de decorar e organizar a casa.<\/p>\n","protected":false},"excerpt":{"rendered":"<h4 style=\"margin: 0px;padding: 0px 0px 16px;font-family: Lato, sans-serif;font-weight: bold;line-height: 3rem;color: var(--dark-grey3);font-size: 22px;font-style: normal;letter-spacing: normal;text-align: start;text-indent: 0px;text-transform: none\">Informa\u00e7\u00f5es t\u00e9cnicas<\/h4>\n<p><span style=\"margin: 0px;padding: 0px;font-weight: 450;font-size: 14px;line-height: 21px;color: var(--dark-grey2);font-family: Lato, sans-serif;font-style: normal;letter-spacing: normal;text-align: start;text-indent: 0px;text-transform: none\">Produto: Gancho Adesivo<br \/>\nMarca: 3M<br \/>\nMaterial: Metal<br \/>\nCor: Prata<br \/>\nCaracter\u00edsticas: Suporta at\u00e9 2,3kg<br \/>\nEncaixe dentilhado<br \/>\nFuro redondo<br \/>\nN\u00e3o arranca tinta da parede durante a remo\u00e7\u00e3o<br \/>\nItens Inclusos: 1 adesivo 3M<br \/>\nDimens\u00f5es do produto (A X L X P): 7,5 x 3cm.<br \/>\n<\/span><\/p>\n","protected":false},"featured_media":25251,"template":"","meta":{"_joinchat":[]},"product_brand":[],"product_cat":[162],"product_tag":[],"class_list":{"0":"post-21783","1":"product","2":"type-product","3":"status-publish","4":"has-post-thumbnail","6":"product_cat-colas-e-cia","8":"first","9":"instock","10":"shipping-taxable","11":"purchasable","12":"product-type-simple"},"_links":{"self":[{"href":"https:\/\/www.multicasa.com.br\/cuiaba\/wp-json\/wp\/v2\/product\/21783","targetHints":{"allow":["GET"]}}],"collection":[{"href":"https:\/\/www.multicasa.com.br\/cuiaba\/wp-json\/wp\/v2\/product"}],"about":[{"href":"https:\/\/www.multicasa.com.br\/cuiaba\/wp-json\/wp\/v2\/types\/product"}],"wp:featuredmedia":[{"embeddable":true,"href":"https:\/\/www.multicasa.com.br\/cuiaba\/wp-json\/wp\/v2\/media\/25251"}],"wp:attachment":[{"href":"https:\/\/www.multicasa.com.br\/cuiaba\/wp-json\/wp\/v2\/media?parent=21783"}],"wp:term":[{"taxonomy":"product_brand","embeddable":true,"href":"https:\/\/www.multicasa.com.br\/cuiaba\/wp-json\/wp\/v2\/product_brand?post=21783"},{"taxonomy":"product_cat","embeddable":true,"href":"https:\/\/www.multicasa.com.br\/cuiaba\/wp-json\/wp\/v2\/product_cat?post=21783"},{"taxonomy":"product_tag","embeddable":true,"href":"https:\/\/www.multicasa.com.br\/cuiaba\/wp-json\/wp\/v2\/product_tag?post=21783"}],"curies":[{"name":"wp","href":"https:\/\/api.w.org\/{rel}","templated":true}]}}