{"id":21808,"date":"2025-06-20T20:25:14","date_gmt":"2025-06-21T00:25:14","guid":{"rendered":"http:\/\/www.multicasa.com.br\/cuiaba\/?post_type=product&#038;p=21808"},"modified":"2026-04-04T11:51:04","modified_gmt":"2026-04-04T15:51:04","slug":"protetor-anti-risco-redondo-em-feltro-marrom-p-scotch-3m-12-unidades","status":"publish","type":"product","link":"https:\/\/www.multicasa.com.br\/cuiaba\/produto\/protetor-anti-risco-redondo-em-feltro-marrom-p-scotch-3m-12-unidades\/","title":{"rendered":"Protetor Anti-risco Redondo em Feltro Marrom P Scotch 3M &#8211; 12 unidades<br>SKU: 3797163"},"content":{"rendered":"<p>Aplique o protetor anti-risco redondo em feltro marrom Scotch 3M e proteja pisos, paredes e outras superf\u00edcies de riscos, marcas e ru\u00eddos. De tamanho P, a embalagem \u00e9 composta por 12 unidades que medem 25 mm cada, s\u00e3o produzidas sem resina, n\u00e3o riscam, n\u00e3o amarelam e t\u00eam qualidade comprovada. Aplique atr\u00e1s de ma\u00e7anetas, quadros, m\u00f3veis, estofados, lumin\u00e1rias e objetos de decora\u00e7\u00e3o.<\/p>\n","protected":false},"excerpt":{"rendered":"<h4 style=\"margin: 0px;padding: 0px 0px 16px;font-family: Lato, sans-serif;font-weight: bold;line-height: 3rem;color: var(--dark-grey3);font-size: 22px;font-style: normal;letter-spacing: normal;text-align: start;text-indent: 0px;text-transform: none\">Informa\u00e7\u00f5es t\u00e9cnicas<\/h4>\n<p><span style=\"margin: 0px;padding: 0px;font-weight: 450;font-size: 14px;line-height: 21px;color: var(--dark-grey2);font-family: Lato, sans-serif;font-style: normal;letter-spacing: normal;text-align: start;text-indent: 0px;text-transform: none\">Produto: Protetor Anti-risco<br \/>\nMarca: 3M<br \/>\nMaterial: 100% Feltro<br \/>\nCor: Marrom<br \/>\nCaracter\u00edsticas: Redondo<br \/>\nAuto adesivos<br \/>\nN\u00e3o riscam<br \/>\nSuper macios<br \/>\nQuantidade de Pe\u00e7as: 12<br \/>\nItens inclusos: 12 Protetores Anti-risco<br \/>\nDi\u00e2metro do produto: 25mm<br \/>\n<\/span><\/p>\n","protected":false},"featured_media":25857,"template":"","meta":{"_joinchat":[]},"product_brand":[],"product_cat":[162],"product_tag":[],"class_list":{"0":"post-21808","1":"product","2":"type-product","3":"status-publish","4":"has-post-thumbnail","6":"product_cat-colas-e-cia","8":"first","9":"instock","10":"shipping-taxable","11":"purchasable","12":"product-type-simple"},"_links":{"self":[{"href":"https:\/\/www.multicasa.com.br\/cuiaba\/wp-json\/wp\/v2\/product\/21808","targetHints":{"allow":["GET"]}}],"collection":[{"href":"https:\/\/www.multicasa.com.br\/cuiaba\/wp-json\/wp\/v2\/product"}],"about":[{"href":"https:\/\/www.multicasa.com.br\/cuiaba\/wp-json\/wp\/v2\/types\/product"}],"wp:featuredmedia":[{"embeddable":true,"href":"https:\/\/www.multicasa.com.br\/cuiaba\/wp-json\/wp\/v2\/media\/25857"}],"wp:attachment":[{"href":"https:\/\/www.multicasa.com.br\/cuiaba\/wp-json\/wp\/v2\/media?parent=21808"}],"wp:term":[{"taxonomy":"product_brand","embeddable":true,"href":"https:\/\/www.multicasa.com.br\/cuiaba\/wp-json\/wp\/v2\/product_brand?post=21808"},{"taxonomy":"product_cat","embeddable":true,"href":"https:\/\/www.multicasa.com.br\/cuiaba\/wp-json\/wp\/v2\/product_cat?post=21808"},{"taxonomy":"product_tag","embeddable":true,"href":"https:\/\/www.multicasa.com.br\/cuiaba\/wp-json\/wp\/v2\/product_tag?post=21808"}],"curies":[{"name":"wp","href":"https:\/\/api.w.org\/{rel}","templated":true}]}}