{"id":21834,"date":"2025-06-20T20:25:39","date_gmt":"2025-06-21T00:25:39","guid":{"rendered":"http:\/\/www.multicasa.com.br\/cuiaba\/?post_type=product&#038;p=21834"},"modified":"2026-01-13T16:01:51","modified_gmt":"2026-01-13T20:01:51","slug":"protetor-anti-risco-redondo-preto-p-scotch-3m-12-unidades","status":"publish","type":"product","link":"https:\/\/www.multicasa.com.br\/cuiaba\/produto\/protetor-anti-risco-redondo-preto-p-scotch-3m-12-unidades\/","title":{"rendered":"Protetor Anti-risco Redondo Preto P Scotch 3M &#8211; 12 unidades<br>SKU: 3797341"},"content":{"rendered":"<p>Aplique o protetor anti-risco redondo preto Scotch 3M em superf\u00edcies para preserv\u00e1-las e mant\u00ea-las sem riscos ou danos. Feito de E.V.A e teflon, \u00e9 \u00e0 prova d?\u00e1gua e deve ser aplicado em m\u00f3veis, cadeiras e ambientes com incid\u00eancia de \u00e1gua ou umidade. Cartela com 12 unidades de tamanho P.<\/p>\n","protected":false},"excerpt":{"rendered":"<h4 style=\"margin: 0px;padding: 0px 0px 16px;font-family: Lato, sans-serif;font-weight: bold;line-height: 3rem;color: var(--dark-grey3);font-size: 22px;font-style: normal;letter-spacing: normal;text-align: start;text-indent: 0px;text-transform: none\">Informa\u00e7\u00f5es t\u00e9cnicas<\/h4>\n<p><span style=\"margin: 0px;padding: 0px;font-weight: 450;font-size: 14px;line-height: 21px;color: var(--dark-grey2);font-family: Lato, sans-serif;font-style: normal;letter-spacing: normal;text-align: start;text-indent: 0px;text-transform: none\">Produto: Protetor Anti-risco<br \/>\nMarca: 3M<br \/>\nMaterial: E.V.A<br \/>\nTeflon<br \/>\nCor: Preto<br \/>\nCaracter\u00edsticas: Alta ader\u00eancia<br \/>\nRedondo<br \/>\nProtetor em e.v.a \u00e0 prova d?\u00e1gua<br \/>\nSuper forte<br \/>\nQuantidade de Pe\u00e7as: 12<br \/>\nItens inclusos: 12 Protetores Anti-risco<br \/>\nDi\u00e2metro: 19mm<br \/>\n<\/span><\/p>\n","protected":false},"featured_media":21937,"template":"","meta":{"_joinchat":[]},"product_brand":[],"product_cat":[162],"product_tag":[],"class_list":{"0":"post-21834","1":"product","2":"type-product","3":"status-publish","4":"has-post-thumbnail","6":"product_cat-colas-e-cia","8":"first","9":"instock","10":"shipping-taxable","11":"purchasable","12":"product-type-simple"},"_links":{"self":[{"href":"https:\/\/www.multicasa.com.br\/cuiaba\/wp-json\/wp\/v2\/product\/21834","targetHints":{"allow":["GET"]}}],"collection":[{"href":"https:\/\/www.multicasa.com.br\/cuiaba\/wp-json\/wp\/v2\/product"}],"about":[{"href":"https:\/\/www.multicasa.com.br\/cuiaba\/wp-json\/wp\/v2\/types\/product"}],"wp:featuredmedia":[{"embeddable":true,"href":"https:\/\/www.multicasa.com.br\/cuiaba\/wp-json\/wp\/v2\/media\/21937"}],"wp:attachment":[{"href":"https:\/\/www.multicasa.com.br\/cuiaba\/wp-json\/wp\/v2\/media?parent=21834"}],"wp:term":[{"taxonomy":"product_brand","embeddable":true,"href":"https:\/\/www.multicasa.com.br\/cuiaba\/wp-json\/wp\/v2\/product_brand?post=21834"},{"taxonomy":"product_cat","embeddable":true,"href":"https:\/\/www.multicasa.com.br\/cuiaba\/wp-json\/wp\/v2\/product_cat?post=21834"},{"taxonomy":"product_tag","embeddable":true,"href":"https:\/\/www.multicasa.com.br\/cuiaba\/wp-json\/wp\/v2\/product_tag?post=21834"}],"curies":[{"name":"wp","href":"https:\/\/api.w.org\/{rel}","templated":true}]}}