{"id":21835,"date":"2025-06-20T20:25:39","date_gmt":"2025-06-21T00:25:39","guid":{"rendered":"http:\/\/www.multicasa.com.br\/cuiaba\/?post_type=product&#038;p=21835"},"modified":"2026-02-20T10:20:51","modified_gmt":"2026-02-20T14:20:51","slug":"protetor-deslizante-quadrado-em-eva-cinza-m-scotch-3m-9-unidades","status":"publish","type":"product","link":"https:\/\/www.multicasa.com.br\/cuiaba\/produto\/protetor-deslizante-quadrado-em-eva-cinza-m-scotch-3m-9-unidades\/","title":{"rendered":"Protetor Deslizante Quadrado em Eva Cinza M Scotch 3M &#8211; 9 unidades<br>SKU: 3797481"},"content":{"rendered":"<p>Use o protetor deslizante quadrado cinza Scotch 3M para facilitar sua rotina na hora de fazer faxina, mudar os m\u00f3veis de lugar ou fazer aquela reforma. Produzido em E.V.A e de tamanho M, tem superf\u00edcie em teflon que adere perfeitamente no objeto onde \u00e9 fixado porque possui camada dupla de adesivo super forte. Embalagem com 9 unidades que medem 30 mm cada.<\/p>\n","protected":false},"excerpt":{"rendered":"<h4 style=\"margin: 0px;padding: 0px 0px 16px;font-family: Lato, sans-serif;font-weight: bold;line-height: 3rem;color: var(--dark-grey3);font-size: 22px;font-style: normal;letter-spacing: normal;text-align: start;text-indent: 0px;text-transform: none\">Informa\u00e7\u00f5es t\u00e9cnicas<\/h4>\n<p><span style=\"margin: 0px;padding: 0px;font-weight: 450;font-size: 14px;line-height: 21px;color: var(--dark-grey2);font-family: Lato, sans-serif;font-style: normal;letter-spacing: normal;text-align: start;text-indent: 0px;text-transform: none\">Produto: Protetor Deslizante<br \/>\nMarca: 3M<br \/>\nMaterial: E.v.a<br \/>\nTeflon<br \/>\nCor: Cinza<br \/>\nCaracter\u00edsticas: Quadrado<br \/>\nAuto adesivos<br \/>\nDesliza f\u00e1cil<br \/>\nQuantidade de Pe\u00e7as: 9<br \/>\nItens inclusos: 9 Protetores Deslizante<br \/>\nDimens\u00f5es do produto (A X L): 30 x 30mm<br \/>\n<\/span><\/p>\n","protected":false},"featured_media":21942,"template":"","meta":{"_joinchat":[]},"product_brand":[],"product_cat":[162],"product_tag":[],"class_list":{"0":"post-21835","1":"product","2":"type-product","3":"status-publish","4":"has-post-thumbnail","6":"product_cat-colas-e-cia","8":"first","9":"instock","10":"shipping-taxable","11":"purchasable","12":"product-type-simple"},"_links":{"self":[{"href":"https:\/\/www.multicasa.com.br\/cuiaba\/wp-json\/wp\/v2\/product\/21835","targetHints":{"allow":["GET"]}}],"collection":[{"href":"https:\/\/www.multicasa.com.br\/cuiaba\/wp-json\/wp\/v2\/product"}],"about":[{"href":"https:\/\/www.multicasa.com.br\/cuiaba\/wp-json\/wp\/v2\/types\/product"}],"wp:featuredmedia":[{"embeddable":true,"href":"https:\/\/www.multicasa.com.br\/cuiaba\/wp-json\/wp\/v2\/media\/21942"}],"wp:attachment":[{"href":"https:\/\/www.multicasa.com.br\/cuiaba\/wp-json\/wp\/v2\/media?parent=21835"}],"wp:term":[{"taxonomy":"product_brand","embeddable":true,"href":"https:\/\/www.multicasa.com.br\/cuiaba\/wp-json\/wp\/v2\/product_brand?post=21835"},{"taxonomy":"product_cat","embeddable":true,"href":"https:\/\/www.multicasa.com.br\/cuiaba\/wp-json\/wp\/v2\/product_cat?post=21835"},{"taxonomy":"product_tag","embeddable":true,"href":"https:\/\/www.multicasa.com.br\/cuiaba\/wp-json\/wp\/v2\/product_tag?post=21835"}],"curies":[{"name":"wp","href":"https:\/\/api.w.org\/{rel}","templated":true}]}}