{"id":21881,"date":"2025-06-20T20:26:26","date_gmt":"2025-06-21T00:26:26","guid":{"rendered":"http:\/\/www.multicasa.com.br\/cuiaba\/?post_type=product&#038;p=21881"},"modified":"2026-03-31T10:51:41","modified_gmt":"2026-03-31T14:51:41","slug":"mangueira-corrug-25mm-50m-lj-tigr","status":"publish","type":"product","link":"https:\/\/www.multicasa.com.br\/cuiaba\/produto\/mangueira-corrug-25mm-50m-lj-tigr\/","title":{"rendered":"Mangueira Corrug.25Mm (50M) Lj Tigr<br>SKU: 3813096"},"content":{"rendered":"<p>N\u00e3o propaga chamas, n\u00e3o dobra e n\u00e3o amassa. Isso sim \u00e9 seguran\u00e7a! O Eletroduto Flex\u00edvel Tigreflex\u00ae Refor\u00e7ado possui marca\u00e7\u00e3o orientativa metro a metro para facilitar o seu manuseio e instala\u00e7\u00e3o. Sua bobina foi projetada para que o eletroduto seja facilmente desenrolado, mantendo o rolo organizado. Solu\u00e7\u00e3o ideal para proteger as instala\u00e7\u00f5es el\u00e9tricas da sua obra.<\/p>\n","protected":false},"excerpt":{"rendered":"<h4 style=\"margin: 0px;padding: 0px 0px 16px;font-family: Lato, sans-serif;font-weight: bold;line-height: 3rem;color: var(--dark-grey3);font-size: 22px;font-style: normal;letter-spacing: normal;text-align: start;text-indent: 0px;text-transform: none\">Informa\u00e7\u00f5es t\u00e9cnicas<\/h4>\n<p><span style=\"margin: 0px;padding: 0px;font-weight: 450;font-size: 14px;line-height: 21px;color: var(--dark-grey2);font-family: Lato, sans-serif;font-style: normal;letter-spacing: normal;text-align: start;text-indent: 0px;text-transform: none\">Produto: MANGUEIRA CORRUG.25MM (50M) LJ TIGR<br \/>\nMarca: TIGRE<br \/>\nCor: amarelo<\/p>\n<p>Caracteristicas:<br \/>\n&#8211; Cor: Amarelo;<br \/>\n&#8211; Maior espessura da parede;<br \/>\n&#8211; Facilidade de estocagem;<br \/>\n&#8211; Eletroduto com baixo coeficiente de atrito facilita a introdu\u00e7\u00e3o e passagem dos cabos el\u00e9tricos.<\/span><\/p>\n","protected":false},"featured_media":25526,"template":"","meta":{"_joinchat":[]},"product_brand":[],"product_cat":[119],"product_tag":[],"class_list":{"0":"post-21881","1":"product","2":"type-product","3":"status-publish","4":"has-post-thumbnail","6":"product_cat-materiais-eletricos","8":"first","9":"instock","10":"shipping-taxable","11":"purchasable","12":"product-type-simple"},"_links":{"self":[{"href":"https:\/\/www.multicasa.com.br\/cuiaba\/wp-json\/wp\/v2\/product\/21881","targetHints":{"allow":["GET"]}}],"collection":[{"href":"https:\/\/www.multicasa.com.br\/cuiaba\/wp-json\/wp\/v2\/product"}],"about":[{"href":"https:\/\/www.multicasa.com.br\/cuiaba\/wp-json\/wp\/v2\/types\/product"}],"wp:featuredmedia":[{"embeddable":true,"href":"https:\/\/www.multicasa.com.br\/cuiaba\/wp-json\/wp\/v2\/media\/25526"}],"wp:attachment":[{"href":"https:\/\/www.multicasa.com.br\/cuiaba\/wp-json\/wp\/v2\/media?parent=21881"}],"wp:term":[{"taxonomy":"product_brand","embeddable":true,"href":"https:\/\/www.multicasa.com.br\/cuiaba\/wp-json\/wp\/v2\/product_brand?post=21881"},{"taxonomy":"product_cat","embeddable":true,"href":"https:\/\/www.multicasa.com.br\/cuiaba\/wp-json\/wp\/v2\/product_cat?post=21881"},{"taxonomy":"product_tag","embeddable":true,"href":"https:\/\/www.multicasa.com.br\/cuiaba\/wp-json\/wp\/v2\/product_tag?post=21881"}],"curies":[{"name":"wp","href":"https:\/\/api.w.org\/{rel}","templated":true}]}}