{"id":21902,"date":"2025-06-20T20:26:52","date_gmt":"2025-06-21T00:26:52","guid":{"rendered":"http:\/\/www.multicasa.com.br\/cuiaba\/?post_type=product&#038;p=21902"},"modified":"2025-11-13T10:34:52","modified_gmt":"2025-11-13T14:34:52","slug":"mangueira-corr-dn32-1-m-cz-kanaf","status":"publish","type":"product","link":"https:\/\/www.multicasa.com.br\/cuiaba\/produto\/mangueira-corr-dn32-1-m-cz-kanaf\/","title":{"rendered":"Mangueira Corr.Dn32 1 (M) Cz Kanaf<br>SKU: 3823083"},"content":{"rendered":"<p>ELETRODUTO FLEXIVEL NAO METALICO | TIPO: DUTO CORRUGADO | MATERIAL: POLIETILENO ALTA DENSIDADE (PEAD) | COR: CINZA | PADRAO: ABNT NBR 15715 | DIAMETRO EXTERNO: 1&#8243; | DIAMETRO NOMINAL: DN32 | MODELO: KANADUTO SW | MARCA: KANAFLEX| REF: KDTSW3250<\/p>\n","protected":false},"excerpt":{"rendered":"<h4 style=\"margin: 0px;padding: 0px 0px 16px;font-family: Lato, sans-serif;font-weight: bold;line-height: 3rem;color: var(--dark-grey3);font-size: 22px;font-style: normal;letter-spacing: normal;text-align: start;text-indent: 0px;text-transform: none\">Informa\u00e7\u00f5es t\u00e9cnicas<\/h4>\n<p><span style=\"margin: 0px;padding: 0px;font-weight: 450;font-size: 14px;line-height: 21px;color: var(--dark-grey2);font-family: Lato, sans-serif;font-style: normal;letter-spacing: normal;text-align: start;text-indent: 0px;text-transform: none\">Produto: MANGUEIRA CORR.DN32 1 (M) CZ KANAF<br \/>\nMarca: KANAFLEX<br \/>\nCor: Cinza<\/p>\n<p>Caracteristicas:<br \/>\n&#8211; ELETRODUTO FLEXIVEL NAO METALICO ;<br \/>\n&#8211; TIPO: DUTO CORRUGADO;<br \/>\n&#8211; MATERIAL: POLIETILENO ALTA DENSIDADE (PEAD) ;<br \/>\n&#8211; COR: CINZA;<br \/>\n&#8211; PADRAO: ABNT NBR 15715 ;<br \/>\n&#8211; DIAMETRO EXTERNO: 1&#8243; ;<br \/>\n&#8211; DIAMETRO NOMINAL: DN32 ;<br \/>\n&#8211; MODELO: KANADUTO SW;<br \/>\n&#8211; MARCA: KANAFLEX.<\/span><\/p>\n","protected":false},"featured_media":25519,"template":"","meta":{"_joinchat":[]},"product_brand":[],"product_cat":[119],"product_tag":[],"class_list":{"0":"post-21902","1":"product","2":"type-product","3":"status-publish","4":"has-post-thumbnail","6":"product_cat-materiais-eletricos","8":"first","9":"instock","10":"shipping-taxable","11":"purchasable","12":"product-type-simple"},"_links":{"self":[{"href":"https:\/\/www.multicasa.com.br\/cuiaba\/wp-json\/wp\/v2\/product\/21902","targetHints":{"allow":["GET"]}}],"collection":[{"href":"https:\/\/www.multicasa.com.br\/cuiaba\/wp-json\/wp\/v2\/product"}],"about":[{"href":"https:\/\/www.multicasa.com.br\/cuiaba\/wp-json\/wp\/v2\/types\/product"}],"wp:featuredmedia":[{"embeddable":true,"href":"https:\/\/www.multicasa.com.br\/cuiaba\/wp-json\/wp\/v2\/media\/25519"}],"wp:attachment":[{"href":"https:\/\/www.multicasa.com.br\/cuiaba\/wp-json\/wp\/v2\/media?parent=21902"}],"wp:term":[{"taxonomy":"product_brand","embeddable":true,"href":"https:\/\/www.multicasa.com.br\/cuiaba\/wp-json\/wp\/v2\/product_brand?post=21902"},{"taxonomy":"product_cat","embeddable":true,"href":"https:\/\/www.multicasa.com.br\/cuiaba\/wp-json\/wp\/v2\/product_cat?post=21902"},{"taxonomy":"product_tag","embeddable":true,"href":"https:\/\/www.multicasa.com.br\/cuiaba\/wp-json\/wp\/v2\/product_tag?post=21902"}],"curies":[{"name":"wp","href":"https:\/\/api.w.org\/{rel}","templated":true}]}}