{"id":21908,"date":"2025-06-20T20:26:53","date_gmt":"2025-06-21T00:26:53","guid":{"rendered":"http:\/\/www.multicasa.com.br\/cuiaba\/?post_type=product&#038;p=21908"},"modified":"2026-03-31T11:51:27","modified_gmt":"2026-03-31T15:51:27","slug":"espuma-expansiva-320g-tekbond","status":"publish","type":"product","link":"https:\/\/www.multicasa.com.br\/cuiaba\/produto\/espuma-expansiva-320g-tekbond\/","title":{"rendered":"ESPUMA EXPANSIVA 320G TEKBOND<br>SKU: 3838498"},"content":{"rendered":"<p>\u00c9 recomendado para uma ampla gama de aplica\u00e7\u00f5es: isolamento, montagem, colagem, isolamento ac\u00fastico e veda\u00e7\u00e3o. Instala\u00e7\u00e3o, fixa\u00e7\u00e3o e isolamento de portas e janelas. Enchimento e veda\u00e7\u00e3o de frestas, juntas, aberturas e cavidades. Conex\u00e3o de materiais de isolamento e constru\u00e7\u00e3o de telhado.<br \/>\nMonocomponente, utilizada para fins domiciliares e profissionais. Aplica\u00e7\u00e3o em rachaduras, juntas, v\u00e3os e espa\u00e7os ao redor de dutos de ventila\u00e7\u00e3o, ar condicionado, portas, janelas, paredes de concreto e alvenaria. Preenchimento imperme\u00e1vel de espa\u00e7os vazios, bloqueando a passagem de insetos e roedores. Pode ser facilmente cortada, lixada e pintada.<\/p>\n","protected":false},"excerpt":{"rendered":"<h4 style=\"margin: 0px;padding: 0px 0px 16px;font-family: Lato, sans-serif;font-weight: bold;line-height: 3rem;color: var(--dark-grey3);font-size: 22px;font-style: normal;letter-spacing: normal;text-align: start;text-indent: 0px;text-transform: none\">Informa\u00e7\u00f5es t\u00e9cnicas<\/h4>\n<p><span style=\"margin: 0px;padding: 0px;font-weight: 450;font-size: 14px;line-height: 21px;color: var(--dark-grey2);font-family: Lato, sans-serif;font-style: normal;letter-spacing: normal;text-align: start;text-indent: 0px;text-transform: none\">Apar\u00eancia (visual): L\u00edquido comprimido levemente amarelado de baixo odor. Ap\u00f3s curado s\u00f3lido levemente amarelado.<br \/>\nTemperatura de aplica\u00e7\u00e3o:  +5 a 45\u00b0C<br \/>\nTemperatura de servi\u00e7o:  &#8211; 60 a 100\u00b0C<br \/>\nRendimento (Litros):  230g (10Litros) \/ 360g (18Litros)<br \/>\nSecagem ao toque:  7 a 15 min<br \/>\nCura Inicial:  30 min<br \/>\nTempo de corte:  2 horas<br \/>\nCura total:  24 horas<br \/>\nDureza Shore O (24h):  &gt; 40<\/span><\/p>\n","protected":false},"featured_media":25150,"template":"","meta":{"_joinchat":[]},"product_brand":[],"product_cat":[162],"product_tag":[],"class_list":{"0":"post-21908","1":"product","2":"type-product","3":"status-publish","4":"has-post-thumbnail","6":"product_cat-colas-e-cia","8":"first","9":"instock","10":"shipping-taxable","11":"purchasable","12":"product-type-simple"},"_links":{"self":[{"href":"https:\/\/www.multicasa.com.br\/cuiaba\/wp-json\/wp\/v2\/product\/21908","targetHints":{"allow":["GET"]}}],"collection":[{"href":"https:\/\/www.multicasa.com.br\/cuiaba\/wp-json\/wp\/v2\/product"}],"about":[{"href":"https:\/\/www.multicasa.com.br\/cuiaba\/wp-json\/wp\/v2\/types\/product"}],"wp:featuredmedia":[{"embeddable":true,"href":"https:\/\/www.multicasa.com.br\/cuiaba\/wp-json\/wp\/v2\/media\/25150"}],"wp:attachment":[{"href":"https:\/\/www.multicasa.com.br\/cuiaba\/wp-json\/wp\/v2\/media?parent=21908"}],"wp:term":[{"taxonomy":"product_brand","embeddable":true,"href":"https:\/\/www.multicasa.com.br\/cuiaba\/wp-json\/wp\/v2\/product_brand?post=21908"},{"taxonomy":"product_cat","embeddable":true,"href":"https:\/\/www.multicasa.com.br\/cuiaba\/wp-json\/wp\/v2\/product_cat?post=21908"},{"taxonomy":"product_tag","embeddable":true,"href":"https:\/\/www.multicasa.com.br\/cuiaba\/wp-json\/wp\/v2\/product_tag?post=21908"}],"curies":[{"name":"wp","href":"https:\/\/api.w.org\/{rel}","templated":true}]}}