{"id":21951,"date":"2025-06-20T20:27:43","date_gmt":"2025-06-21T00:27:43","guid":{"rendered":"http:\/\/www.multicasa.com.br\/cuiaba\/?post_type=product&#038;p=21951"},"modified":"2025-12-29T10:50:28","modified_gmt":"2025-12-29T14:50:28","slug":"mini-gancho-adesivo-transparente-command-3m-6-pecas-ate-225g","status":"publish","type":"product","link":"https:\/\/www.multicasa.com.br\/cuiaba\/produto\/mini-gancho-adesivo-transparente-command-3m-6-pecas-ate-225g\/","title":{"rendered":"Mini Gancho Adesivo Transparente Command 3M 6 Pe\u00e7as at\u00e9 225g<br>SKU: 3886794"},"content":{"rendered":"<p>Mini Gancho Adesivo Command 3M com capacidade de peso de at\u00e9 225g, confeccionados em poliestireno e tiras adesivas \u00e0 base de borracha na cor transparente. O mini command \u00e9 extremamente discreto e mostra somente o que realmente interessa, voc\u00ea pode mudar para qualquer ambiente sempre que quiser sem estragar as paredes e de forma f\u00e1cil e r\u00e1pida. \u00c9 f\u00e1cil de usar e voc\u00ea pode remov\u00ea-lo, pois n\u00e3o deixa marcas ou res\u00edduos, serve para aplica\u00e7\u00f5es tempor\u00e1rias como, por exemplo, no natal e decora\u00e7\u00f5es de anivers\u00e1rio.<br \/>\nA embalagem cont\u00e9m 6 mini ganchos e 8 adesivos.<\/p>\n","protected":false},"excerpt":{"rendered":"<h4 style=\"margin: 0px;padding: 0px 0px 16px;font-family: Lato, sans-serif;font-weight: bold;line-height: 3rem;color: var(--dark-grey3);font-size: 22px;font-style: normal;letter-spacing: normal;text-align: start;text-indent: 0px;text-transform: none\">Informa\u00e7\u00f5es t\u00e9cnicas<\/h4>\n<p><span style=\"margin: 0px;padding: 0px;font-weight: 450;font-size: 14px;line-height: 21px;color: var(--dark-grey2);font-family: Lato, sans-serif;font-style: normal;letter-spacing: normal;text-align: start;text-indent: 0px;text-transform: none\">Produto: Gancho<br \/>\nMarca: 3M<br \/>\nMaterial: Poliestireno<br \/>\nUso indicado: Fixar na parede quadros, espelhos e objetos em geral<br \/>\nCaracter\u00edsticas: Suporta 225g<br \/>\nN\u00e3o precisa furar<br \/>\nTransparente<br \/>\nQuantidade de pe\u00e7as: 14<br \/>\nItens Inclusos: 6 mini ganchos<br \/>\n8 adesivos<br \/>\nDimens\u00f5es do produto (A x L x P): 2,8 x 2,2cm<br \/>\n<\/span><\/p>\n","protected":false},"featured_media":25557,"template":"","meta":{"_joinchat":[]},"product_brand":[],"product_cat":[162],"product_tag":[],"class_list":{"0":"post-21951","1":"product","2":"type-product","3":"status-publish","4":"has-post-thumbnail","6":"product_cat-colas-e-cia","8":"first","9":"instock","10":"shipping-taxable","11":"purchasable","12":"product-type-simple"},"_links":{"self":[{"href":"https:\/\/www.multicasa.com.br\/cuiaba\/wp-json\/wp\/v2\/product\/21951","targetHints":{"allow":["GET"]}}],"collection":[{"href":"https:\/\/www.multicasa.com.br\/cuiaba\/wp-json\/wp\/v2\/product"}],"about":[{"href":"https:\/\/www.multicasa.com.br\/cuiaba\/wp-json\/wp\/v2\/types\/product"}],"wp:featuredmedia":[{"embeddable":true,"href":"https:\/\/www.multicasa.com.br\/cuiaba\/wp-json\/wp\/v2\/media\/25557"}],"wp:attachment":[{"href":"https:\/\/www.multicasa.com.br\/cuiaba\/wp-json\/wp\/v2\/media?parent=21951"}],"wp:term":[{"taxonomy":"product_brand","embeddable":true,"href":"https:\/\/www.multicasa.com.br\/cuiaba\/wp-json\/wp\/v2\/product_brand?post=21951"},{"taxonomy":"product_cat","embeddable":true,"href":"https:\/\/www.multicasa.com.br\/cuiaba\/wp-json\/wp\/v2\/product_cat?post=21951"},{"taxonomy":"product_tag","embeddable":true,"href":"https:\/\/www.multicasa.com.br\/cuiaba\/wp-json\/wp\/v2\/product_tag?post=21951"}],"curies":[{"name":"wp","href":"https:\/\/api.w.org\/{rel}","templated":true}]}}