{"id":21998,"date":"2025-06-20T20:28:31","date_gmt":"2025-06-21T00:28:31","guid":{"rendered":"http:\/\/www.multicasa.com.br\/cuiaba\/?post_type=product&#038;p=21998"},"modified":"2025-12-06T10:44:57","modified_gmt":"2025-12-06T14:44:57","slug":"gancho-adesivo-de-plastico-branco-scotch-3m-ate-2kg","status":"publish","type":"product","link":"https:\/\/www.multicasa.com.br\/cuiaba\/produto\/gancho-adesivo-de-plastico-branco-scotch-3m-ate-2kg\/","title":{"rendered":"Gancho Adesivo de Pl\u00e1stico Branco Scotch 3M at\u00e9 2kg<br>SKU: 3943038"},"content":{"rendered":"<p>Chega de furar as paredes, portas e arm\u00e1rios para pendurar suas bolsas, chap\u00e9us e acess\u00f3rios. O gancho adesivo de pl\u00e1stico branco Scotch 3M suporta at\u00e9 2kg e possui adesivo \u00e0 base de borracha sint\u00e9tica e liner protetor. Esta embalagem possui 3 unidades. Pendure o que voc\u00ea quiser com praticidade e sem furos.<\/p>\n","protected":false},"excerpt":{"rendered":"<h4 style=\"margin: 0px;padding: 0px 0px 16px;font-family: Lato, sans-serif;font-weight: bold;line-height: 3rem;color: var(--dark-grey3);font-size: 22px;font-style: normal;letter-spacing: normal;text-align: start;text-indent: 0px;text-transform: none\">Informa\u00e7\u00f5es t\u00e9cnicas<\/h4>\n<p><span style=\"margin: 0px;padding: 0px;font-weight: 450;font-size: 14px;line-height: 21px;color: var(--dark-grey2);font-family: Lato, sans-serif;font-style: normal;letter-spacing: normal;text-align: start;text-indent: 0px;text-transform: none\">Produto: Gancho<br \/>\nMarca: 3M<br \/>\nMaterial: Pl\u00e1stico<br \/>\nCor: Branco<br \/>\nCaracter\u00edsticas: Suporta at\u00e9 2kg<br \/>\nItens Inclusos: 1 Embalagem com 3 Ganchos<br \/>\nDimens\u00f5es do produto (A x L): 18,5 x 10,5cm<br \/>\n<\/span><\/p>\n","protected":false},"featured_media":25253,"template":"","meta":{"_joinchat":[]},"product_brand":[],"product_cat":[162],"product_tag":[],"class_list":{"0":"post-21998","1":"product","2":"type-product","3":"status-publish","4":"has-post-thumbnail","6":"product_cat-colas-e-cia","8":"first","9":"instock","10":"shipping-taxable","11":"purchasable","12":"product-type-simple"},"_links":{"self":[{"href":"https:\/\/www.multicasa.com.br\/cuiaba\/wp-json\/wp\/v2\/product\/21998","targetHints":{"allow":["GET"]}}],"collection":[{"href":"https:\/\/www.multicasa.com.br\/cuiaba\/wp-json\/wp\/v2\/product"}],"about":[{"href":"https:\/\/www.multicasa.com.br\/cuiaba\/wp-json\/wp\/v2\/types\/product"}],"wp:featuredmedia":[{"embeddable":true,"href":"https:\/\/www.multicasa.com.br\/cuiaba\/wp-json\/wp\/v2\/media\/25253"}],"wp:attachment":[{"href":"https:\/\/www.multicasa.com.br\/cuiaba\/wp-json\/wp\/v2\/media?parent=21998"}],"wp:term":[{"taxonomy":"product_brand","embeddable":true,"href":"https:\/\/www.multicasa.com.br\/cuiaba\/wp-json\/wp\/v2\/product_brand?post=21998"},{"taxonomy":"product_cat","embeddable":true,"href":"https:\/\/www.multicasa.com.br\/cuiaba\/wp-json\/wp\/v2\/product_cat?post=21998"},{"taxonomy":"product_tag","embeddable":true,"href":"https:\/\/www.multicasa.com.br\/cuiaba\/wp-json\/wp\/v2\/product_tag?post=21998"}],"curies":[{"name":"wp","href":"https:\/\/api.w.org\/{rel}","templated":true}]}}