{"id":22049,"date":"2025-06-20T20:29:21","date_gmt":"2025-06-21T00:29:21","guid":{"rendered":"http:\/\/www.multicasa.com.br\/cuiaba\/?post_type=product&#038;p=22049"},"modified":"2026-02-24T13:34:35","modified_gmt":"2026-02-24T17:34:35","slug":"cola-de-contato-sem-toluol-cascola-30g","status":"publish","type":"product","link":"https:\/\/www.multicasa.com.br\/cuiaba\/produto\/cola-de-contato-sem-toluol-cascola-30g\/","title":{"rendered":"Cola de Contato sem Toluol Cascola 30g<br>SKU: 4018699"},"content":{"rendered":"<p>Ideal para diversos reparos, a cola de contato Cascola pode ser usada para colar couro, linoleo, borracha, folhas de metal compensado, fibra, concreto, cimento, laminados decorativos, pl\u00e1stico e muito mais. Seu uso \u00e9 indicado, principalmente, para colagem de vidros e viragem de post-forming. Embalagem com 30g que n\u00e3o cont\u00e9m toluol.<\/p>\n","protected":false},"excerpt":{"rendered":"<h4 style=\"margin: 0px;padding: 0px 0px 16px;font-family: Lato, sans-serif;font-weight: bold;line-height: 3rem;color: var(--dark-grey3);font-size: 22px;font-style: normal;letter-spacing: normal;text-align: start;text-indent: 0px;text-transform: none\">Informa\u00e7\u00f5es t\u00e9cnicas<\/h4>\n<p><span style=\"margin: 0px;padding: 0px;font-weight: 450;font-size: 14px;line-height: 21px;color: var(--dark-grey2);font-family: Lato, sans-serif;font-style: normal;letter-spacing: normal;text-align: start;text-indent: 0px;text-transform: none\">Produto: Cola de Contato<br \/>\nMarca: Cascola<br \/>\nComposi\u00e7\u00e3o: Solvente alif\u00e1tico<br \/>\nSolventes oxigenados<br \/>\nResinas sint\u00e9ticas<br \/>\nBorrachas Sint\u00e9ticas<br \/>\nAditivos<br \/>\nConte\u00fado: 30g<br \/>\nCaracter\u00edsticas: F\u00e1cil aplica\u00e7\u00e3o<br \/>\nMaior poder de ades\u00e3o<br \/>\nCola diversos materiais<br \/>\nSem tuluol<br \/>\nItens inclusos: 1 Cola de Contato<br \/>\n<\/span><\/p>\n","protected":false},"featured_media":24986,"template":"","meta":{"_joinchat":[]},"product_brand":[],"product_cat":[162],"product_tag":[],"class_list":{"0":"post-22049","1":"product","2":"type-product","3":"status-publish","4":"has-post-thumbnail","6":"product_cat-colas-e-cia","8":"first","9":"instock","10":"shipping-taxable","11":"purchasable","12":"product-type-simple"},"_links":{"self":[{"href":"https:\/\/www.multicasa.com.br\/cuiaba\/wp-json\/wp\/v2\/product\/22049","targetHints":{"allow":["GET"]}}],"collection":[{"href":"https:\/\/www.multicasa.com.br\/cuiaba\/wp-json\/wp\/v2\/product"}],"about":[{"href":"https:\/\/www.multicasa.com.br\/cuiaba\/wp-json\/wp\/v2\/types\/product"}],"wp:featuredmedia":[{"embeddable":true,"href":"https:\/\/www.multicasa.com.br\/cuiaba\/wp-json\/wp\/v2\/media\/24986"}],"wp:attachment":[{"href":"https:\/\/www.multicasa.com.br\/cuiaba\/wp-json\/wp\/v2\/media?parent=22049"}],"wp:term":[{"taxonomy":"product_brand","embeddable":true,"href":"https:\/\/www.multicasa.com.br\/cuiaba\/wp-json\/wp\/v2\/product_brand?post=22049"},{"taxonomy":"product_cat","embeddable":true,"href":"https:\/\/www.multicasa.com.br\/cuiaba\/wp-json\/wp\/v2\/product_cat?post=22049"},{"taxonomy":"product_tag","embeddable":true,"href":"https:\/\/www.multicasa.com.br\/cuiaba\/wp-json\/wp\/v2\/product_tag?post=22049"}],"curies":[{"name":"wp","href":"https:\/\/api.w.org\/{rel}","templated":true}]}}