{"id":22052,"date":"2025-06-20T20:29:21","date_gmt":"2025-06-21T00:29:21","guid":{"rendered":"http:\/\/www.multicasa.com.br\/cuiaba\/?post_type=product&#038;p=22052"},"modified":"2025-12-16T19:34:00","modified_gmt":"2025-12-16T23:34:00","slug":"fita-dupla-face-de-espuma-scotch-3m-24mmx15m","status":"publish","type":"product","link":"https:\/\/www.multicasa.com.br\/cuiaba\/produto\/fita-dupla-face-de-espuma-scotch-3m-24mmx15m\/","title":{"rendered":"Fita Dupla Face de Espuma Scotch 3M &#8211; 24mmx1,5m<br>SKU: 4028090"},"content":{"rendered":"<p>Com a Fita Dupla Face de Espuma Scotch 3M a aplica\u00e7\u00e3o \u00e9 pr\u00e1tica e simples, al\u00e9m de proporcionar acabamento limpo, melhorando a apar\u00eancia do material. Substitui com vantagem o adesivo l\u00edquido, pois elimina o tempo de espera de secagem e pode ser facilmente convertida no formato mais adequado ao produto e aplica\u00e7\u00e3o.<br \/>\nIdeal para aplica\u00e7\u00e3o em azulejos, madeira selada, paredes internas. Possui fixa\u00e7\u00e3o permanente e dimens\u00f5es de 24mm x 1,5m.<\/p>\n","protected":false},"excerpt":{"rendered":"<h4 style=\"margin: 0px;padding: 0px 0px 16px;font-family: Lato, sans-serif;font-weight: bold;line-height: 3rem;color: var(--dark-grey3);font-size: 22px;font-style: normal;letter-spacing: normal;text-align: start;text-indent: 0px;text-transform: none\">Informa\u00e7\u00f5es t\u00e9cnicas<\/h4>\n<p><span style=\"margin: 0px;padding: 0px;font-weight: 450;font-size: 14px;line-height: 21px;color: var(--dark-grey2);font-family: Lato, sans-serif;font-style: normal;letter-spacing: normal;text-align: start;text-indent: 0px;text-transform: none\">Produto: Fita Dupla Face<br \/>\nMarca: 3M<br \/>\nCor: Branco e Verde<br \/>\nCaracter\u00edsticas: Excelente fixa\u00e7\u00e3o<br \/>\nFixa\u00e7\u00e3o permanente<br \/>\nSubstitui pregos e parafusos<br \/>\nItens Inclusos: 1 Fita Dupla Face<br \/>\nDimens\u00f5es do produto (A X C): 24mm x 1,5m<br \/>\n<\/span><\/p>\n","protected":false},"featured_media":25204,"template":"","meta":{"_joinchat":[]},"product_brand":[],"product_cat":[162],"product_tag":[],"class_list":{"0":"post-22052","1":"product","2":"type-product","3":"status-publish","4":"has-post-thumbnail","6":"product_cat-colas-e-cia","8":"first","9":"instock","10":"shipping-taxable","11":"purchasable","12":"product-type-simple"},"_links":{"self":[{"href":"https:\/\/www.multicasa.com.br\/cuiaba\/wp-json\/wp\/v2\/product\/22052","targetHints":{"allow":["GET"]}}],"collection":[{"href":"https:\/\/www.multicasa.com.br\/cuiaba\/wp-json\/wp\/v2\/product"}],"about":[{"href":"https:\/\/www.multicasa.com.br\/cuiaba\/wp-json\/wp\/v2\/types\/product"}],"wp:featuredmedia":[{"embeddable":true,"href":"https:\/\/www.multicasa.com.br\/cuiaba\/wp-json\/wp\/v2\/media\/25204"}],"wp:attachment":[{"href":"https:\/\/www.multicasa.com.br\/cuiaba\/wp-json\/wp\/v2\/media?parent=22052"}],"wp:term":[{"taxonomy":"product_brand","embeddable":true,"href":"https:\/\/www.multicasa.com.br\/cuiaba\/wp-json\/wp\/v2\/product_brand?post=22052"},{"taxonomy":"product_cat","embeddable":true,"href":"https:\/\/www.multicasa.com.br\/cuiaba\/wp-json\/wp\/v2\/product_cat?post=22052"},{"taxonomy":"product_tag","embeddable":true,"href":"https:\/\/www.multicasa.com.br\/cuiaba\/wp-json\/wp\/v2\/product_tag?post=22052"}],"curies":[{"name":"wp","href":"https:\/\/api.w.org\/{rel}","templated":true}]}}