{"id":22137,"date":"2025-06-20T20:30:55","date_gmt":"2025-06-21T00:30:55","guid":{"rendered":"http:\/\/www.multicasa.com.br\/cuiaba\/?post_type=product&#038;p=22137"},"modified":"2026-04-02T13:20:24","modified_gmt":"2026-04-02T17:20:24","slug":"ventosa-dupla-tipo-botao-35mm-talentos-4-pecas","status":"publish","type":"product","link":"https:\/\/www.multicasa.com.br\/cuiaba\/produto\/ventosa-dupla-tipo-botao-35mm-talentos-4-pecas\/","title":{"rendered":"Ventosa Dupla Tipo Bot\u00e3o 35mm Talentos 4 Pe\u00e7as<br>SKU: 4266510"},"content":{"rendered":"<p>Ventosa Dupla Tipo Bot\u00e3o da Talentos, produzida em PVC transparente com dimens\u00e3o de 35 mm. A ventosa de dupla suc\u00e7\u00e3o n\u00e3o danifica a parede, ideal para de fixa\u00e7\u00e3o de artesanatos, bichinhos de pel\u00facia, enfeites, materiais de propaganda, placas de sinaliza\u00e7\u00e3o, banners, cartazes, mapas e apoio mesas de vidro.<br \/>\nEmbalagem com 4 unidades.<\/p>\n","protected":false},"excerpt":{"rendered":"<h4 style=\"margin: 0px;padding: 0px 0px 16px;font-family: Lato, sans-serif;font-weight: bold;line-height: 3rem;color: var(--dark-grey3);font-size: 22px;font-style: normal;letter-spacing: normal;text-align: start;text-indent: 0px;text-transform: none\">Informa\u00e7\u00f5es t\u00e9cnicas<\/h4>\n<p><span style=\"margin: 0px;padding: 0px;font-weight: 450;font-size: 14px;line-height: 21px;color: var(--dark-grey2);font-family: Lato, sans-serif;font-style: normal;letter-spacing: normal;text-align: start;text-indent: 0px;text-transform: none\">Produto: Ventosas<br \/>\nMarca: Talentos<br \/>\nMaterial: PVC<br \/>\nCaracter\u00edsticas: Transparente<br \/>\nVentosa dupla<br \/>\nItens inclusos: 4 ventosas<br \/>\nDi\u00e2metro do produto: 35mm<br \/>\n<\/span><\/p>\n","protected":false},"featured_media":22205,"template":"","meta":{"_joinchat":[]},"product_brand":[],"product_cat":[162],"product_tag":[],"class_list":{"0":"post-22137","1":"product","2":"type-product","3":"status-publish","4":"has-post-thumbnail","6":"product_cat-colas-e-cia","8":"first","9":"instock","10":"shipping-taxable","11":"purchasable","12":"product-type-simple"},"_links":{"self":[{"href":"https:\/\/www.multicasa.com.br\/cuiaba\/wp-json\/wp\/v2\/product\/22137","targetHints":{"allow":["GET"]}}],"collection":[{"href":"https:\/\/www.multicasa.com.br\/cuiaba\/wp-json\/wp\/v2\/product"}],"about":[{"href":"https:\/\/www.multicasa.com.br\/cuiaba\/wp-json\/wp\/v2\/types\/product"}],"wp:featuredmedia":[{"embeddable":true,"href":"https:\/\/www.multicasa.com.br\/cuiaba\/wp-json\/wp\/v2\/media\/22205"}],"wp:attachment":[{"href":"https:\/\/www.multicasa.com.br\/cuiaba\/wp-json\/wp\/v2\/media?parent=22137"}],"wp:term":[{"taxonomy":"product_brand","embeddable":true,"href":"https:\/\/www.multicasa.com.br\/cuiaba\/wp-json\/wp\/v2\/product_brand?post=22137"},{"taxonomy":"product_cat","embeddable":true,"href":"https:\/\/www.multicasa.com.br\/cuiaba\/wp-json\/wp\/v2\/product_cat?post=22137"},{"taxonomy":"product_tag","embeddable":true,"href":"https:\/\/www.multicasa.com.br\/cuiaba\/wp-json\/wp\/v2\/product_tag?post=22137"}],"curies":[{"name":"wp","href":"https:\/\/api.w.org\/{rel}","templated":true}]}}