{"id":22144,"date":"2025-06-20T20:30:56","date_gmt":"2025-06-21T00:30:56","guid":{"rendered":"http:\/\/www.multicasa.com.br\/cuiaba\/?post_type=product&#038;p=22144"},"modified":"2026-04-06T14:20:44","modified_gmt":"2026-04-06T18:20:44","slug":"solda-fluxo-50x50-25mm-500gr-cobix","status":"publish","type":"product","link":"https:\/\/www.multicasa.com.br\/cuiaba\/produto\/solda-fluxo-50x50-25mm-500gr-cobix\/","title":{"rendered":"Solda Fluxo 50X50 2,5Mm 500Gr Cobix<br>SKU: 4410920"},"content":{"rendered":"<p>Carretel Rolo Solda 50&#215;50<br \/>\nFio Cheio 500 gramas<br \/>\nCor: Preto<br \/>\nFio de Solda Cheio (sem fluxo interno)<br \/>\nMarca: Cobix<br \/>\nDi\u00e2metro: 2,5 mm<br \/>\nLiga: 50% estanho + 50% chumbo<br \/>\nIdeal para usar com a Gota M\u00e1gica para soldagem de cobre com alum\u00ednio.<\/p>\n","protected":false},"excerpt":{"rendered":"<h4 style=\"margin: 0px;padding: 0px 0px 16px;font-family: Lato, sans-serif;font-weight: bold;line-height: 3rem;color: var(--dark-grey3);font-size: 22px;font-style: normal;letter-spacing: normal;text-align: start;text-indent: 0px;text-transform: none\">Informa\u00e7\u00f5es t\u00e9cnicas<\/h4>\n<p><span style=\"margin: 0px;padding: 0px;font-weight: 450;font-size: 14px;line-height: 21px;color: var(--dark-grey2);font-family: Lato, sans-serif;font-style: normal;letter-spacing: normal;text-align: start;text-indent: 0px;text-transform: none\">PRODUTO: SOLDA FLUXO 50X50 2,5MM 500GR COBIX<br \/>\nMARCA: COBIX<br \/>\nCARACTER\u00cdSTICAS:<br \/>\n\u0095 Carretel Rolo Solda 50&#215;50<br \/>\n\u0095 Fio Cheio 500 gramas<br \/>\n\u0095 Cor: Preto<br \/>\n\u0095 Fio de Solda Cheio (sem fluxo interno)<br \/>\n\u0095 Di\u00e2metro: 2,5 mm<br \/>\n\u0095 Liga: 50% estanho + 50% chumbo<br \/>\n\u0095 Ideal para usar com a Gota M\u00e1gica para soldagem de cobre com alum\u00ednio.<\/span><\/p>\n","protected":false},"featured_media":25982,"template":"","meta":{"_joinchat":[]},"product_brand":[],"product_cat":[119],"product_tag":[],"class_list":{"0":"post-22144","1":"product","2":"type-product","3":"status-publish","4":"has-post-thumbnail","6":"product_cat-materiais-eletricos","8":"first","9":"instock","10":"shipping-taxable","11":"purchasable","12":"product-type-simple"},"_links":{"self":[{"href":"https:\/\/www.multicasa.com.br\/cuiaba\/wp-json\/wp\/v2\/product\/22144","targetHints":{"allow":["GET"]}}],"collection":[{"href":"https:\/\/www.multicasa.com.br\/cuiaba\/wp-json\/wp\/v2\/product"}],"about":[{"href":"https:\/\/www.multicasa.com.br\/cuiaba\/wp-json\/wp\/v2\/types\/product"}],"wp:featuredmedia":[{"embeddable":true,"href":"https:\/\/www.multicasa.com.br\/cuiaba\/wp-json\/wp\/v2\/media\/25982"}],"wp:attachment":[{"href":"https:\/\/www.multicasa.com.br\/cuiaba\/wp-json\/wp\/v2\/media?parent=22144"}],"wp:term":[{"taxonomy":"product_brand","embeddable":true,"href":"https:\/\/www.multicasa.com.br\/cuiaba\/wp-json\/wp\/v2\/product_brand?post=22144"},{"taxonomy":"product_cat","embeddable":true,"href":"https:\/\/www.multicasa.com.br\/cuiaba\/wp-json\/wp\/v2\/product_cat?post=22144"},{"taxonomy":"product_tag","embeddable":true,"href":"https:\/\/www.multicasa.com.br\/cuiaba\/wp-json\/wp\/v2\/product_tag?post=22144"}],"curies":[{"name":"wp","href":"https:\/\/api.w.org\/{rel}","templated":true}]}}