{"id":22164,"date":"2025-06-20T20:31:22","date_gmt":"2025-06-21T00:31:22","guid":{"rendered":"http:\/\/www.multicasa.com.br\/cuiaba\/?post_type=product&#038;p=22164"},"modified":"2026-02-09T12:50:16","modified_gmt":"2026-02-09T16:50:16","slug":"condulete-mult-x-3-4-s-tampa-daisa","status":"publish","type":"product","link":"https:\/\/www.multicasa.com.br\/cuiaba\/produto\/condulete-mult-x-3-4-s-tampa-daisa\/","title":{"rendered":"Condulete Mult.X 3\/4 S\/Tampa Daisa<br>SKU: 4431928"},"content":{"rendered":"<p>Produzido em alum\u00ednio, possui elevada resist\u00eancia mec\u00e2nica e a corros\u00e3o, sendo imprescind\u00edvel para instala\u00e7\u00f5es eletricas aparentes &#8211; residenciais, comerciais e industriais &#8211; proporcionando uma solu\u00e7\u00e3o, quando n\u00e3o se tem a inten\u00e7\u00e3o de quebrar a parede para embutir a fia\u00e7\u00e3o. Indicado para projetos que preveem expans\u00e3o futura, possui sa\u00eddas para cinco diferentes dire\u00e7\u00f5es. Se uma das sa\u00eddas n\u00e3o for utilizada, pode ser tampada para posterior expans\u00e3o. A aplica\u00e7\u00e3o do Kit de Veda\u00e7\u00f5es (oferecido separadamente) possibilita, de forma simples e eficiente, obter o \u00edndice de prote\u00e7\u00e3o IP 54 &#8211; ideal para instala\u00e7\u00f5es externas. Acompanham 3 tamp\u00f5es de sa\u00edda.<\/p>\n","protected":false},"excerpt":{"rendered":"<h4 style=\"margin: 0px;padding: 0px 0px 16px;font-family: Lato, sans-serif;font-weight: bold;line-height: 3rem;color: var(--dark-grey3);font-size: 22px;font-style: normal;letter-spacing: normal;text-align: start;text-indent: 0px;text-transform: none\">Informa\u00e7\u00f5es t\u00e9cnicas<\/h4>\n<p><span style=\"margin: 0px;padding: 0px;font-weight: 450;font-size: 14px;line-height: 21px;color: var(--dark-grey2);font-family: Lato, sans-serif;font-style: normal;letter-spacing: normal;text-align: start;text-indent: 0px;text-transform: none\">PRODUTO: CONDULETE MULT.X 3\/4 S\/TAMPA DAISA<br \/>\nMARCA: DAISA<\/p>\n<p>Caracter\u00edsticas T\u00e9cnicas:                                        -Abrigada: utiliza-se em \u00e1rea coberta aparente.<br \/>\n-Tipo X \u0096 5 furos<br \/>\n-Bitola: 20mm &#8211; 3\/4pol.<br \/>\n-Dimens\u00f5es:93,0 x 51,0 x 41,0<\/p>\n<p><\/span><\/p>\n","protected":false},"featured_media":24999,"template":"","meta":{"_joinchat":[]},"product_brand":[],"product_cat":[119],"product_tag":[],"class_list":{"0":"post-22164","1":"product","2":"type-product","3":"status-publish","4":"has-post-thumbnail","6":"product_cat-materiais-eletricos","8":"first","9":"instock","10":"shipping-taxable","11":"purchasable","12":"product-type-simple"},"_links":{"self":[{"href":"https:\/\/www.multicasa.com.br\/cuiaba\/wp-json\/wp\/v2\/product\/22164","targetHints":{"allow":["GET"]}}],"collection":[{"href":"https:\/\/www.multicasa.com.br\/cuiaba\/wp-json\/wp\/v2\/product"}],"about":[{"href":"https:\/\/www.multicasa.com.br\/cuiaba\/wp-json\/wp\/v2\/types\/product"}],"wp:featuredmedia":[{"embeddable":true,"href":"https:\/\/www.multicasa.com.br\/cuiaba\/wp-json\/wp\/v2\/media\/24999"}],"wp:attachment":[{"href":"https:\/\/www.multicasa.com.br\/cuiaba\/wp-json\/wp\/v2\/media?parent=22164"}],"wp:term":[{"taxonomy":"product_brand","embeddable":true,"href":"https:\/\/www.multicasa.com.br\/cuiaba\/wp-json\/wp\/v2\/product_brand?post=22164"},{"taxonomy":"product_cat","embeddable":true,"href":"https:\/\/www.multicasa.com.br\/cuiaba\/wp-json\/wp\/v2\/product_cat?post=22164"},{"taxonomy":"product_tag","embeddable":true,"href":"https:\/\/www.multicasa.com.br\/cuiaba\/wp-json\/wp\/v2\/product_tag?post=22164"}],"curies":[{"name":"wp","href":"https:\/\/api.w.org\/{rel}","templated":true}]}}