{"id":22308,"date":"2025-06-20T20:33:32","date_gmt":"2025-06-21T00:33:32","guid":{"rendered":"http:\/\/www.multicasa.com.br\/cuiaba\/?post_type=product&#038;p=22308"},"modified":"2026-03-23T17:01:19","modified_gmt":"2026-03-23T21:01:19","slug":"base-monocomando-p-chuveiro-1-2-e-3-4-deca","status":"publish","type":"product","link":"https:\/\/www.multicasa.com.br\/cuiaba\/produto\/base-monocomando-p-chuveiro-1-2-e-3-4-deca\/","title":{"rendered":"Base Monocomando P\/ Chuveiro 1\/2 E 3\/4 Deca<br>SKU: 3203557"},"content":{"rendered":"<p>A base monocomando para chuveiro Deca proporciona funcionalidade e praticidade em seu banheiro com alta durabilidade, resist\u00eancia e f\u00e1cil instala\u00e7\u00e3o.<\/p>\n","protected":false},"excerpt":{"rendered":"<h4 style=\"margin: 0px;padding: 0px 0px 16px;font-family: Lato, sans-serif;font-weight: bold;line-height: 3rem;color: var(--dark-grey3);font-size: 22px;font-style: normal;letter-spacing: normal;text-align: start;text-indent: 0px;text-transform: none\">Informa\u00e7\u00f5es t\u00e9cnicas<\/h4>\n<p><span style=\"margin: 0px;padding: 0px;font-weight: 450;font-size: 14px;line-height: 21px;color: var(--dark-grey2);font-family: Lato, sans-serif;font-style: normal;letter-spacing: normal;text-align: start;text-indent: 0px;text-transform: none\">Produto: BASE MONOCOMANDO P\/ CHUVEIRO 1\/2 E 3\/4<br \/>\nMarca: DECA<\/p>\n<p>ATRIBUTOS:<br \/>\nF\u00e1cil acesso manuten\u00e7\u00e3o<\/p>\n<p>DIMENS\u00d5ES:<br \/>\nAltura: 85 | Comprimento: 132 | Largura: 77<br \/>\nOBS: Dimens\u00f5es do produto sem embalagem<\/p>\n<p>ESPECIFICA\u00c7\u00d5ES:<br \/>\n&#8211; Linha: $ Base;<br \/>\n&#8211; Acabamento: Bruto (4493.000);<br \/>\n&#8211; Material: Liga de cobre (bronze e lat\u00e3o), pl\u00e1sticos de engenharia e elast\u00f4meros;<br \/>\n&#8211; Peso l\u00edquido: 0.722;<br \/>\n&#8211; Peso bruto: 0.764;<br \/>\n&#8211; N\u00famero Norma \/ Decreto: N\u00e3o aplic\u00e1vel;<br \/>\n&#8211; Classe de Press\u00e3o: 2 a 40 MCA;<br \/>\n&#8211; Informa\u00e7\u00f5es complementares: F\u00e1cil acesso ao interior para manuten\u00e7\u00e3o;<br \/>\n&#8211; GARANTIA :120 meses.<br \/>\n<\/span><\/p>\n","protected":false},"featured_media":24672,"template":"","meta":{"_joinchat":[]},"product_brand":[],"product_cat":[66],"product_tag":[],"class_list":{"0":"post-22308","1":"product","2":"type-product","3":"status-publish","4":"has-post-thumbnail","6":"product_cat-metais-basicos","8":"first","9":"instock","10":"shipping-taxable","11":"purchasable","12":"product-type-simple"},"_links":{"self":[{"href":"https:\/\/www.multicasa.com.br\/cuiaba\/wp-json\/wp\/v2\/product\/22308","targetHints":{"allow":["GET"]}}],"collection":[{"href":"https:\/\/www.multicasa.com.br\/cuiaba\/wp-json\/wp\/v2\/product"}],"about":[{"href":"https:\/\/www.multicasa.com.br\/cuiaba\/wp-json\/wp\/v2\/types\/product"}],"wp:featuredmedia":[{"embeddable":true,"href":"https:\/\/www.multicasa.com.br\/cuiaba\/wp-json\/wp\/v2\/media\/24672"}],"wp:attachment":[{"href":"https:\/\/www.multicasa.com.br\/cuiaba\/wp-json\/wp\/v2\/media?parent=22308"}],"wp:term":[{"taxonomy":"product_brand","embeddable":true,"href":"https:\/\/www.multicasa.com.br\/cuiaba\/wp-json\/wp\/v2\/product_brand?post=22308"},{"taxonomy":"product_cat","embeddable":true,"href":"https:\/\/www.multicasa.com.br\/cuiaba\/wp-json\/wp\/v2\/product_cat?post=22308"},{"taxonomy":"product_tag","embeddable":true,"href":"https:\/\/www.multicasa.com.br\/cuiaba\/wp-json\/wp\/v2\/product_tag?post=22308"}],"curies":[{"name":"wp","href":"https:\/\/api.w.org\/{rel}","templated":true}]}}