{"id":22334,"date":"2025-06-20T20:33:57","date_gmt":"2025-06-21T00:33:57","guid":{"rendered":"http:\/\/www.multicasa.com.br\/cuiaba\/?post_type=product&#038;p=22334"},"modified":"2026-01-29T10:30:17","modified_gmt":"2026-01-29T14:30:17","slug":"base-p-valvula-11-2-4550-hydramax-deca","status":"publish","type":"product","link":"https:\/\/www.multicasa.com.br\/cuiaba\/produto\/base-p-valvula-11-2-4550-hydramax-deca\/","title":{"rendered":"Base P\/ V\u00e1lvula 11\/2 4550 Hydramax Deca<br>SKU: 66915"},"content":{"rendered":"<p>A base v\u00e1lvula 11\/2 4550 Hidramax Deca s\u00e3o a escolha certa para a sua casa. Com qualidade e durabilidade reconhecidas, as bases Hydra s\u00e3o o primeiro passo para se obter o melhor sistema de descarga em sua casa. possui um registro integrado para regular ou fechar a vaz\u00e3o de \u00e1gua para uma possivel manunten\u00e7\u00e3o no sistema interno n\u00e3o necessitando da quebra da parede, tornando assim a manunten\u00e7\u00e3o rapida e eficiente.<\/p>\n","protected":false},"excerpt":{"rendered":"<h4 style=\"margin: 0px; padding: 0px 0px 16px; font-family: Lato, sans-serif; font-weight: bold; line-height: 3rem; color: var(--dark-grey3); font-size: 22px; font-style: normal; letter-spacing: normal; text-align: start; text-indent: 0px; text-transform: none;\">Informa\u00e7\u00f5es t\u00e9cnicas<\/h4>\n<p><span style=\"margin: 0px; padding: 0px; font-weight: 450; font-size: 14px; line-height: 21px; color: var(--dark-grey2); font-family: Lato, sans-serif; font-style: normal; letter-spacing: normal; text-align: start; text-indent: 0px; text-transform: none;\">Produto: BASE VALV.11\/2 4550 HIDRAMAX Marca: Deca Material: Liga de Cobre (bronze e lat\u00e3o),Pl\u00e1sticos de Engenharia,Elast\u00f4meros Cor: Bruto Caracter\u00edsticas: registro integrado para regular ou fechar a vaz\u00e3o de \u00e1gua para uma possivel manunten\u00e7\u00e3o no sistema interno Dimens\u00f5es: Altura: 91mm<br \/>\nComprimento: 132mm<br \/>\nLargura: 85mm Peso L\u00edquido: 0.93<br \/>\nPeso Bruto: 1.019 Tipo de Normatiza\u00e7\u00e3o: Volunt\u00e1ria<br \/>\nN\u00famero Norma \/ Decreto: NBR15857<br \/>\nBitola de entrada de \u00e1gua: 1 1\/2&#8243; &#8211; DN40<br \/>\nPress\u00e3o m\u00edn funcionamento mca: 2<br \/>\nPress\u00e3o max funcionamento mca: 40 <\/span><\/p>\n","protected":false},"featured_media":27186,"template":"","meta":{"_joinchat":[]},"product_brand":[],"product_cat":[66],"product_tag":[],"class_list":{"0":"post-22334","1":"product","2":"type-product","3":"status-publish","4":"has-post-thumbnail","6":"product_cat-metais-basicos","8":"first","9":"instock","10":"shipping-taxable","11":"purchasable","12":"product-type-simple"},"_links":{"self":[{"href":"https:\/\/www.multicasa.com.br\/cuiaba\/wp-json\/wp\/v2\/product\/22334","targetHints":{"allow":["GET"]}}],"collection":[{"href":"https:\/\/www.multicasa.com.br\/cuiaba\/wp-json\/wp\/v2\/product"}],"about":[{"href":"https:\/\/www.multicasa.com.br\/cuiaba\/wp-json\/wp\/v2\/types\/product"}],"wp:featuredmedia":[{"embeddable":true,"href":"https:\/\/www.multicasa.com.br\/cuiaba\/wp-json\/wp\/v2\/media\/27186"}],"wp:attachment":[{"href":"https:\/\/www.multicasa.com.br\/cuiaba\/wp-json\/wp\/v2\/media?parent=22334"}],"wp:term":[{"taxonomy":"product_brand","embeddable":true,"href":"https:\/\/www.multicasa.com.br\/cuiaba\/wp-json\/wp\/v2\/product_brand?post=22334"},{"taxonomy":"product_cat","embeddable":true,"href":"https:\/\/www.multicasa.com.br\/cuiaba\/wp-json\/wp\/v2\/product_cat?post=22334"},{"taxonomy":"product_tag","embeddable":true,"href":"https:\/\/www.multicasa.com.br\/cuiaba\/wp-json\/wp\/v2\/product_tag?post=22334"}],"curies":[{"name":"wp","href":"https:\/\/api.w.org\/{rel}","templated":true}]}}