{"id":22354,"date":"2025-06-20T20:34:20","date_gmt":"2025-06-21T00:34:20","guid":{"rendered":"http:\/\/www.multicasa.com.br\/cuiaba\/?post_type=product&#038;p=22354"},"modified":"2026-04-22T14:50:39","modified_gmt":"2026-04-22T18:50:39","slug":"base-registro-pressao-3-4-docol","status":"publish","type":"product","link":"https:\/\/www.multicasa.com.br\/cuiaba\/produto\/base-registro-pressao-3-4-docol\/","title":{"rendered":"Base Registro Press\u00e3o 3\/4 Docol<br>SKU: 1279211"},"content":{"rendered":"<p>Os registros de press\u00e3o possuem um sistema de acionamento rotativo e servem para interromper ou regular a vaz\u00e3o da \u00e1gua de chuveiros, banheiras ou duchas higi\u00eanicas por meio de um eficiente sistema de veda\u00e7\u00e3o. Para os produtos instalados dentro da parede, o nosso compromisso \u00e9 de uma manuten\u00e7\u00e3o limpa e f\u00e1cil. Os componentes necess\u00e1rios para manuten\u00e7\u00e3o ficam acess\u00edveis para verifica\u00e7\u00e3o, conserto ou troca.<\/p>\n","protected":false},"excerpt":{"rendered":"<h4 style=\"margin: 0px;padding: 0px 0px 16px;font-family: Lato, sans-serif;font-weight: bold;line-height: 3rem;color: var(--dark-grey3);font-size: 22px;font-style: normal;letter-spacing: normal;text-align: start;text-indent: 0px;text-transform: none\">Informa\u00e7\u00f5es t\u00e9cnicas<\/h4>\n<p><span style=\"margin: 0px;padding: 0px;font-weight: 450;font-size: 14px;line-height: 21px;color: var(--dark-grey2);font-family: Lato, sans-serif;font-style: normal;letter-spacing: normal;text-align: start;text-indent: 0px;text-transform: none\">Cor: Bruto<br \/>\nSistema de abertura:Rotativo<br \/>\nTecnologias: Garantia Toda Vida<br \/>\nArejador: Sem arejador<br \/>\nBitola:3\/4&#8243; &#8211; DN 20<br \/>\nClasse de press\u00e3o:2 a 40 m.c.a<br \/>\nTemperatura m\u00e1xima da \u00e1gua:70\u00b0C<br \/>\nNorma:NBR 15704-1<br \/>\nConte\u00fado da embalagem:<br \/>\n1 registro, 1 gabarito e 1 protetor de raia<br \/>\nComposi\u00e7\u00e3o:<br \/>\nLigas de cobre, elast\u00f4meros e pl\u00e1stico de engenharia<br \/>\nTipo de Instala\u00e7\u00e3o: Parede<\/span><\/p>\n","protected":false},"featured_media":27255,"template":"","meta":{"_joinchat":[]},"product_brand":[],"product_cat":[66],"product_tag":[],"class_list":{"0":"post-22354","1":"product","2":"type-product","3":"status-publish","4":"has-post-thumbnail","6":"product_cat-metais-basicos","8":"first","9":"instock","10":"shipping-taxable","11":"purchasable","12":"product-type-simple"},"_links":{"self":[{"href":"https:\/\/www.multicasa.com.br\/cuiaba\/wp-json\/wp\/v2\/product\/22354","targetHints":{"allow":["GET"]}}],"collection":[{"href":"https:\/\/www.multicasa.com.br\/cuiaba\/wp-json\/wp\/v2\/product"}],"about":[{"href":"https:\/\/www.multicasa.com.br\/cuiaba\/wp-json\/wp\/v2\/types\/product"}],"wp:featuredmedia":[{"embeddable":true,"href":"https:\/\/www.multicasa.com.br\/cuiaba\/wp-json\/wp\/v2\/media\/27255"}],"wp:attachment":[{"href":"https:\/\/www.multicasa.com.br\/cuiaba\/wp-json\/wp\/v2\/media?parent=22354"}],"wp:term":[{"taxonomy":"product_brand","embeddable":true,"href":"https:\/\/www.multicasa.com.br\/cuiaba\/wp-json\/wp\/v2\/product_brand?post=22354"},{"taxonomy":"product_cat","embeddable":true,"href":"https:\/\/www.multicasa.com.br\/cuiaba\/wp-json\/wp\/v2\/product_cat?post=22354"},{"taxonomy":"product_tag","embeddable":true,"href":"https:\/\/www.multicasa.com.br\/cuiaba\/wp-json\/wp\/v2\/product_tag?post=22354"}],"curies":[{"name":"wp","href":"https:\/\/api.w.org\/{rel}","templated":true}]}}