{"id":22385,"date":"2025-06-20T20:34:48","date_gmt":"2025-06-21T00:34:48","guid":{"rendered":"http:\/\/www.multicasa.com.br\/cuiaba\/?post_type=product&#038;p=22385"},"modified":"2026-03-25T08:51:21","modified_gmt":"2026-03-25T12:51:21","slug":"refletor-led-30w-ip65-pt-6500k-taschibra","status":"publish","type":"product","link":"https:\/\/www.multicasa.com.br\/cuiaba\/produto\/refletor-led-30w-ip65-pt-6500k-taschibra\/","title":{"rendered":"Refletor Led 30W IP65 PT 6500K Taschibra<br>SKU: 2201187"},"content":{"rendered":"<p>Os refletores LED da Taschibra s\u00e3o a melhor op\u00e7\u00e3o para voc\u00ea que busca investir em decora\u00e7\u00e3o e ao mesmo tempo garantir seguran\u00e7a e economia. Podendo economizar at\u00e9 80% de energia em compara\u00e7\u00e3o as l\u00e2mpadas convencionais, os refletores LED alcan\u00e7am em m\u00e9dia uma vida de at\u00e9 25.000 horas, o que corresponde a 3 anos de uso continuo. Sua luz em \u00e2ngulo 120\u00ba, garante que a luz se espalhe pelo ambiente criando os mais belos efeitos decorativos, al\u00e9m disso, a tecnologia LED n\u00e3o emite raios UV ou IV e n\u00e3o possuem merc\u00fario em sua composi\u00e7\u00e3o, diminuindo o risco de dano a animais e ao meio ambiente.<\/p>\n","protected":false},"excerpt":{"rendered":"<h4 style=\"margin: 0px;padding: 0px 0px 16px;font-family: Lato, sans-serif;font-weight: bold;line-height: 3rem;color: var(--dark-grey3);font-size: 22px;font-style: normal;letter-spacing: normal;text-align: start;text-indent: 0px;text-transform: none\">Informa\u00e7\u00f5es t\u00e9cnicas<\/h4>\n<p><span style=\"margin: 0px;padding: 0px;font-weight: 450;font-size: 14px;line-height: 21px;color: var(--dark-grey2);font-family: Lato, sans-serif;font-style: normal;letter-spacing: normal;text-align: start;text-indent: 0px;text-transform: none\">Autovolt 100-240V<br \/>\nFrequ\u00eancia: 50\/60Hz<br \/>\n\u00c2ngulo de abertura: 120\u00b0<br \/>\nCorpo em alum\u00ednio e vidro temperado<\/span><\/p>\n","protected":false},"featured_media":27467,"template":"","meta":{"_joinchat":[]},"product_brand":[],"product_cat":[78],"product_tag":[],"class_list":{"0":"post-22385","1":"product","2":"type-product","3":"status-publish","4":"has-post-thumbnail","6":"product_cat-iluminacao-comercial","8":"first","9":"instock","10":"shipping-taxable","11":"purchasable","12":"product-type-simple"},"_links":{"self":[{"href":"https:\/\/www.multicasa.com.br\/cuiaba\/wp-json\/wp\/v2\/product\/22385","targetHints":{"allow":["GET"]}}],"collection":[{"href":"https:\/\/www.multicasa.com.br\/cuiaba\/wp-json\/wp\/v2\/product"}],"about":[{"href":"https:\/\/www.multicasa.com.br\/cuiaba\/wp-json\/wp\/v2\/types\/product"}],"wp:featuredmedia":[{"embeddable":true,"href":"https:\/\/www.multicasa.com.br\/cuiaba\/wp-json\/wp\/v2\/media\/27467"}],"wp:attachment":[{"href":"https:\/\/www.multicasa.com.br\/cuiaba\/wp-json\/wp\/v2\/media?parent=22385"}],"wp:term":[{"taxonomy":"product_brand","embeddable":true,"href":"https:\/\/www.multicasa.com.br\/cuiaba\/wp-json\/wp\/v2\/product_brand?post=22385"},{"taxonomy":"product_cat","embeddable":true,"href":"https:\/\/www.multicasa.com.br\/cuiaba\/wp-json\/wp\/v2\/product_cat?post=22385"},{"taxonomy":"product_tag","embeddable":true,"href":"https:\/\/www.multicasa.com.br\/cuiaba\/wp-json\/wp\/v2\/product_tag?post=22385"}],"curies":[{"name":"wp","href":"https:\/\/api.w.org\/{rel}","templated":true}]}}