{"id":22408,"date":"2025-06-20T20:35:13","date_gmt":"2025-06-21T00:35:13","guid":{"rendered":"http:\/\/www.multicasa.com.br\/cuiaba\/?post_type=product&#038;p=22408"},"modified":"2026-03-23T14:51:02","modified_gmt":"2026-03-23T18:51:02","slug":"valvula-de-succao-metal-3-4-docol","status":"publish","type":"product","link":"https:\/\/www.multicasa.com.br\/cuiaba\/produto\/valvula-de-succao-metal-3-4-docol\/","title":{"rendered":"Valvula De Succao Metal 3\/4 Docol<br>SKU: 814113"},"content":{"rendered":"<p>v\u00e1lvula SUCCAO METAL 3\/4 DOCOL. O principal benef\u00edcio das v\u00e1lvulas de suc\u00e7\u00e3o da Docol \u00e9 permitir que a \u00e1gua seja sugada numa s\u00f3 dire\u00e7\u00e3o, onde passa por uma peneira, que ret\u00e9m part\u00edculas indesejadas. A v\u00e1lvula de suc\u00e7\u00e3o da nossa marca entrega qualidade e seguran\u00e7a para o seu dia a dia. \u00c9 poss\u00edvel, ao instalar esse produto em sua casa, pr\u00e9dio ou empresa, que a passagem de \u00e1gua quente ou fria ou demais l\u00edquidos ocorra sem nenhuma altera\u00e7\u00e3o no produto.<\/p>\n","protected":false},"excerpt":{"rendered":"<h4 style=\"margin: 0px;padding: 0px 0px 16px;font-family: Lato, sans-serif;font-weight: bold;line-height: 3rem;color: var(--dark-grey3);font-size: 22px;font-style: normal;letter-spacing: normal;text-align: start;text-indent: 0px;text-transform: none\">Informa\u00e7\u00f5es t\u00e9cnicas<\/h4>\n<p><span style=\"margin: 0px;padding: 0px;font-weight: 450;font-size: 14px;line-height: 21px;color: var(--dark-grey2);font-family: Lato, sans-serif;font-style: normal;letter-spacing: normal;text-align: start;text-indent: 0px;text-transform: none\">Produto: v\u00e1lvula SUCCAO METAL 3\/4<br \/>\nMarca: Docol<br \/>\nMaterial: Elast\u00f4meros e ligas de cobre.<br \/>\nCor: Bruto<br \/>\nCaracter\u00edsticas: permite que a \u00e1gua seja sugada numa s\u00f3 dire\u00e7\u00e3o, onde passa por uma peneira, que ret\u00e9m part\u00edculas indesejadas.<br \/>\nDimens\u00f5es:<br \/>\nBitola: 3\/4&#8243; <\/span><\/p>\n","protected":false},"featured_media":26215,"template":"","meta":{"_joinchat":[]},"product_brand":[],"product_cat":[66],"product_tag":[],"class_list":{"0":"post-22408","1":"product","2":"type-product","3":"status-publish","4":"has-post-thumbnail","6":"product_cat-metais-basicos","8":"first","9":"instock","10":"shipping-taxable","11":"purchasable","12":"product-type-simple"},"_links":{"self":[{"href":"https:\/\/www.multicasa.com.br\/cuiaba\/wp-json\/wp\/v2\/product\/22408","targetHints":{"allow":["GET"]}}],"collection":[{"href":"https:\/\/www.multicasa.com.br\/cuiaba\/wp-json\/wp\/v2\/product"}],"about":[{"href":"https:\/\/www.multicasa.com.br\/cuiaba\/wp-json\/wp\/v2\/types\/product"}],"wp:featuredmedia":[{"embeddable":true,"href":"https:\/\/www.multicasa.com.br\/cuiaba\/wp-json\/wp\/v2\/media\/26215"}],"wp:attachment":[{"href":"https:\/\/www.multicasa.com.br\/cuiaba\/wp-json\/wp\/v2\/media?parent=22408"}],"wp:term":[{"taxonomy":"product_brand","embeddable":true,"href":"https:\/\/www.multicasa.com.br\/cuiaba\/wp-json\/wp\/v2\/product_brand?post=22408"},{"taxonomy":"product_cat","embeddable":true,"href":"https:\/\/www.multicasa.com.br\/cuiaba\/wp-json\/wp\/v2\/product_cat?post=22408"},{"taxonomy":"product_tag","embeddable":true,"href":"https:\/\/www.multicasa.com.br\/cuiaba\/wp-json\/wp\/v2\/product_tag?post=22408"}],"curies":[{"name":"wp","href":"https:\/\/api.w.org\/{rel}","templated":true}]}}