{"id":28617,"date":"2025-11-05T10:19:34","date_gmt":"2025-11-05T14:19:34","guid":{"rendered":"https:\/\/www.multicasa.com.br\/cuiaba\/produto\/acessorio-p-banheiro-5-pecas-arezzo\/"},"modified":"2026-03-28T12:38:15","modified_gmt":"2026-03-28T16:38:15","slug":"acessorio-p-banheiro-5-pecas-arezzo","status":"publish","type":"product","link":"https:\/\/www.multicasa.com.br\/cuiaba\/produto\/acessorio-p-banheiro-5-pecas-arezzo\/","title":{"rendered":"Acess\u00f3rio P\/ Banheiro 5 pe\u00e7as Arezzo<br>SKU: 2233691"},"content":{"rendered":"<p>O Kit de Acess\u00f3rios para Banheiro Arezzo 5 Pe\u00e7as \u00e9 um conjunto fabricado pela Marchezan Metais. Ele \u00e9 feito de alum\u00ednio anodizado, o que confere resist\u00eancia \u00e0 corros\u00e3o e durabilidade, e possui um acabamento cromado. O design moderno e funcional complementa a decora\u00e7\u00e3o do banheiro de forma elegante. <\/p>\n","protected":false},"excerpt":{"rendered":"<h4 style=\"margin: 0px;padding: 0px 0px 16px;font-family: Lato, sans-serif;font-weight: bold;line-height: 3rem;color: var(--dark-grey3);font-size: 22px;font-style: normal;letter-spacing: normal;text-align: start;text-indent: 0px;text-transform: none\">Informa\u00e7\u00f5es t\u00e9cnicas<\/h4>\n<p><span style=\"margin: 0px;padding: 0px;font-weight: 450;font-size: 14px;line-height: 21px;color: var(--dark-grey2);font-family: Lato, sans-serif;font-style: normal;letter-spacing: normal;text-align: start;text-indent: 0px;text-transform: none\">1 Saboneteira: Para acomodar o sabonete em barra de forma pr\u00e1tica e higi\u00eanica.<br \/>\n1 Papeleira: Suporte para papel higi\u00eanico.<br \/>\n1 Cabide: Para pendurar toalhas de rosto, roup\u00f5es ou outros itens.<br \/>\n1 Porta-toalha argola: Ideal para toalhas de rosto, oferecendo um toque de sofistica\u00e7\u00e3o.<br \/>\n1 Porta-toalha de banho: Barra para pendurar toalhas de banho<br \/>\nMarca: Marchezan<br \/>\nLinha: Arezzo<br \/>\nMaterial: Alum\u00ednio anodizado<br \/>\nAcabamento: Cromado<\/span><\/p>\n","protected":false},"featured_media":0,"template":"","meta":{"_joinchat":[]},"product_brand":[],"product_cat":[67],"product_tag":[],"class_list":{"0":"post-28617","1":"product","2":"type-product","3":"status-publish","5":"product_cat-torneiras-e-cia","7":"first","8":"instock","9":"shipping-taxable","10":"purchasable","11":"product-type-simple"},"_links":{"self":[{"href":"https:\/\/www.multicasa.com.br\/cuiaba\/wp-json\/wp\/v2\/product\/28617","targetHints":{"allow":["GET"]}}],"collection":[{"href":"https:\/\/www.multicasa.com.br\/cuiaba\/wp-json\/wp\/v2\/product"}],"about":[{"href":"https:\/\/www.multicasa.com.br\/cuiaba\/wp-json\/wp\/v2\/types\/product"}],"wp:attachment":[{"href":"https:\/\/www.multicasa.com.br\/cuiaba\/wp-json\/wp\/v2\/media?parent=28617"}],"wp:term":[{"taxonomy":"product_brand","embeddable":true,"href":"https:\/\/www.multicasa.com.br\/cuiaba\/wp-json\/wp\/v2\/product_brand?post=28617"},{"taxonomy":"product_cat","embeddable":true,"href":"https:\/\/www.multicasa.com.br\/cuiaba\/wp-json\/wp\/v2\/product_cat?post=28617"},{"taxonomy":"product_tag","embeddable":true,"href":"https:\/\/www.multicasa.com.br\/cuiaba\/wp-json\/wp\/v2\/product_tag?post=28617"}],"curies":[{"name":"wp","href":"https:\/\/api.w.org\/{rel}","templated":true}]}}