{"id":28618,"date":"2025-11-05T10:19:43","date_gmt":"2025-11-05T14:19:43","guid":{"rendered":"https:\/\/www.multicasa.com.br\/cuiaba\/produto\/torneira-de-jardim-tanque-esfera-marchezan\/"},"modified":"2026-03-28T12:38:04","modified_gmt":"2026-03-28T16:38:04","slug":"torneira-de-jardim-tanque-esfera-marchezan","status":"publish","type":"product","link":"https:\/\/www.multicasa.com.br\/cuiaba\/produto\/torneira-de-jardim-tanque-esfera-marchezan\/","title":{"rendered":"Torneira de Jardim\/Tanque Esfera Marchezan<br>SKU: 2227156"},"content":{"rendered":"<p>A Torneira de Jardim\/Tanque Esfera da Marchezan \u00e9 um produto projetado para \u00e1reas de servi\u00e7o, jardins e lavanderias, combinando funcionalidade com durabilidade. Ela utiliza um mecanismo de veda\u00e7\u00e3o em esfera, que permite um acionamento r\u00e1pido e eficiente.<\/p>\n","protected":false},"excerpt":{"rendered":"<h4 style=\"margin: 0px;padding: 0px 0px 16px;font-family: Lato, sans-serif;font-weight: bold;line-height: 3rem;color: var(--dark-grey3);font-size: 22px;font-style: normal;letter-spacing: normal;text-align: start;text-indent: 0px;text-transform: none\">Informa\u00e7\u00f5es t\u00e9cnicas<\/h4>\n<p><span style=\"margin: 0px;padding: 0px;font-weight: 450;font-size: 14px;line-height: 21px;color: var(--dark-grey2);font-family: Lato, sans-serif;font-style: normal;letter-spacing: normal;text-align: start;text-indent: 0px;text-transform: none\">Mecanismo de Esfera 1\/4 de Volta: O grande diferencial \u00e9 o seu mecanismo interno de esfera, que proporciona abertura e fechamento r\u00e1pidos da \u00e1gua (apenas um quarto de volta), garantindo maior praticidade e economia de \u00e1gua no uso di\u00e1rio.<br \/>\nMaterial de Alta Resist\u00eancia: O corpo da torneira e os componentes s\u00e3o fabricados em liga met\u00e1lica de alta resist\u00eancia, como o zamac ou lat\u00e3o (dependendo do modelo espec\u00edfico), o que assegura durabilidade mesmo em ambientes externos ou \u00famidos.<br \/>\nVersatilidade de Instala\u00e7\u00e3o: Dispon\u00edvel para instala\u00e7\u00e3o em parede e com op\u00e7\u00f5es de bitola de 1\/2&#8243; ou 3\/4&#8243; (ou com adaptador incluso, dependendo do modelo), adaptando-se a diferentes sistemas hidr\u00e1ulicos.<br \/>\nAcabamento: O acabamento pode ser cromado (para um visual mais moderno e brilhante) ou amarelo (um acabamento mais tradicional e robusto para jardins).<br \/>\nBico para Mangueira: Possui um bico (geralmente pl\u00e1stico ou met\u00e1lico) com rosca, ideal para a conex\u00e3o de mangueiras de jardim ou m\u00e1quinas de lavar roupa.<\/span><\/p>\n","protected":false},"featured_media":0,"template":"","meta":{"_joinchat":[]},"product_brand":[],"product_cat":[67],"product_tag":[],"class_list":{"0":"post-28618","1":"product","2":"type-product","3":"status-publish","5":"product_cat-torneiras-e-cia","7":"first","8":"instock","9":"shipping-taxable","10":"purchasable","11":"product-type-simple"},"_links":{"self":[{"href":"https:\/\/www.multicasa.com.br\/cuiaba\/wp-json\/wp\/v2\/product\/28618","targetHints":{"allow":["GET"]}}],"collection":[{"href":"https:\/\/www.multicasa.com.br\/cuiaba\/wp-json\/wp\/v2\/product"}],"about":[{"href":"https:\/\/www.multicasa.com.br\/cuiaba\/wp-json\/wp\/v2\/types\/product"}],"wp:attachment":[{"href":"https:\/\/www.multicasa.com.br\/cuiaba\/wp-json\/wp\/v2\/media?parent=28618"}],"wp:term":[{"taxonomy":"product_brand","embeddable":true,"href":"https:\/\/www.multicasa.com.br\/cuiaba\/wp-json\/wp\/v2\/product_brand?post=28618"},{"taxonomy":"product_cat","embeddable":true,"href":"https:\/\/www.multicasa.com.br\/cuiaba\/wp-json\/wp\/v2\/product_cat?post=28618"},{"taxonomy":"product_tag","embeddable":true,"href":"https:\/\/www.multicasa.com.br\/cuiaba\/wp-json\/wp\/v2\/product_tag?post=28618"}],"curies":[{"name":"wp","href":"https:\/\/api.w.org\/{rel}","templated":true}]}}