{"id":28622,"date":"2025-11-07T15:17:14","date_gmt":"2025-11-07T19:17:14","guid":{"rendered":"https:\/\/www.multicasa.com.br\/cuiaba\/produto\/grafite-lubrificante-seco-spray-tekbond-200ml\/"},"modified":"2026-04-15T16:52:47","modified_gmt":"2026-04-15T20:52:47","slug":"grafite-lubrificante-seco-spray-tekbond-200ml","status":"publish","type":"product","link":"https:\/\/www.multicasa.com.br\/cuiaba\/produto\/grafite-lubrificante-seco-spray-tekbond-200ml\/","title":{"rendered":"Grafite Lubrificante Seco Spray Tekbond 200ml<br>SKU: 3702685"},"content":{"rendered":"<p>O Grafite Lubrificante Seco Spray Tekbond foi idealizado para ser aplicado em superf\u00edcies que necessitam de lubrifica\u00e7\u00e3o a seco, formando uma pel\u00edcula deslizante evitando assim o ressecamento e o desgaste da superf\u00edcie. Pode ser aplicado em pl\u00e1stico, feltros, borrachas, ferragens e muito mais.<\/p>\n","protected":false},"excerpt":{"rendered":"<h4 style=\"margin: 0px;padding: 0px 0px 16px;font-family: Lato, sans-serif;font-weight: bold;line-height: 3rem;color: var(--dark-grey3);font-size: 22px;font-style: normal;letter-spacing: normal;text-align: start;text-indent: 0px;text-transform: none\">Informa\u00e7\u00f5es t\u00e9cnicas<\/h4>\n<p><span style=\"margin: 0px;padding: 0px;font-weight: 450;font-size: 14px;line-height: 21px;color: var(--dark-grey2);font-family: Lato, sans-serif;font-style: normal;letter-spacing: normal;text-align: start;text-indent: 0px;text-transform: none\">Produto: Grafite Lubrificante Seco<br \/>\nMarca: Tekbond<br \/>\nConte\u00fado: 200ml<br \/>\nCaracter\u00edsticas: Forma pel\u00edcula deslizante<br \/>\nEvita o ressecamento e desgaste da superf\u00edce<br \/>\nDensidade a 25graus de 0,17 a 0,27 g\/cm<br \/>\nPressao interna a 50graus 40 a 60 psi<br \/>\nTaxa de libera\u00e7\u00e3o 40 a 80 g\/min<br \/>\nItens Inclusos: 1 grafite lubrificante seco spray<\/span><\/p>\n","protected":false},"featured_media":0,"template":"","meta":{"_joinchat":[]},"product_brand":[],"product_cat":[162],"product_tag":[],"class_list":{"0":"post-28622","1":"product","2":"type-product","3":"status-publish","5":"product_cat-colas-e-cia","7":"first","8":"instock","9":"shipping-taxable","10":"purchasable","11":"product-type-simple"},"_links":{"self":[{"href":"https:\/\/www.multicasa.com.br\/cuiaba\/wp-json\/wp\/v2\/product\/28622","targetHints":{"allow":["GET"]}}],"collection":[{"href":"https:\/\/www.multicasa.com.br\/cuiaba\/wp-json\/wp\/v2\/product"}],"about":[{"href":"https:\/\/www.multicasa.com.br\/cuiaba\/wp-json\/wp\/v2\/types\/product"}],"wp:attachment":[{"href":"https:\/\/www.multicasa.com.br\/cuiaba\/wp-json\/wp\/v2\/media?parent=28622"}],"wp:term":[{"taxonomy":"product_brand","embeddable":true,"href":"https:\/\/www.multicasa.com.br\/cuiaba\/wp-json\/wp\/v2\/product_brand?post=28622"},{"taxonomy":"product_cat","embeddable":true,"href":"https:\/\/www.multicasa.com.br\/cuiaba\/wp-json\/wp\/v2\/product_cat?post=28622"},{"taxonomy":"product_tag","embeddable":true,"href":"https:\/\/www.multicasa.com.br\/cuiaba\/wp-json\/wp\/v2\/product_tag?post=28622"}],"curies":[{"name":"wp","href":"https:\/\/api.w.org\/{rel}","templated":true}]}}