{"id":28720,"date":"2025-12-16T17:55:46","date_gmt":"2025-12-16T21:55:46","guid":{"rendered":"https:\/\/www.multicasa.com.br\/cuiaba\/produto\/bomba-subm-bsl-900-220v-lorenzetti\/"},"modified":"2026-03-10T11:51:29","modified_gmt":"2026-03-10T15:51:29","slug":"bomba-subm-bsl-900-220v-lorenzetti","status":"publish","type":"product","link":"https:\/\/www.multicasa.com.br\/cuiaba\/produto\/bomba-subm-bsl-900-220v-lorenzetti\/","title":{"rendered":"BOMBA SUBM.BSL-900 220V LORENZETTI<br>SKU: 2135162"},"content":{"rendered":"<p>Bomba Submersa BSL-900 220V Lorenzetti<\/p>\n","protected":false},"excerpt":{"rendered":"<h4 style=\"margin: 0px;padding: 0px 0px 16px;font-family: Lato, sans-serif;font-weight: bold;line-height: 3rem;color: var(--dark-grey3);font-size: 22px;font-style: normal;letter-spacing: normal;text-align: start;text-indent: 0px;text-transform: none\">Informa\u00e7\u00f5es t\u00e9cnicas<\/h4>\n<p><span style=\"margin: 0px;padding: 0px;font-weight: 450;font-size: 14px;line-height: 21px;color: var(--dark-grey2);font-family: Lato, sans-serif;font-style: normal;letter-spacing: normal;text-align: start;text-indent: 0px;text-transform: none\">Tipo: Bomba Submersa (Vibrat\u00f3ria). Modelo: BSL-900. Tens\u00e3o: 220V. Marca: Lorenzetti.<\/span><\/p>\n","protected":false},"featured_media":0,"template":"","meta":{"_joinchat":[]},"product_brand":[],"product_cat":[75],"product_tag":[],"class_list":{"0":"post-28720","1":"product","2":"type-product","3":"status-publish","5":"product_cat-bombas-e-cia","7":"first","8":"instock","9":"shipping-taxable","10":"purchasable","11":"product-type-simple"},"_links":{"self":[{"href":"https:\/\/www.multicasa.com.br\/cuiaba\/wp-json\/wp\/v2\/product\/28720","targetHints":{"allow":["GET"]}}],"collection":[{"href":"https:\/\/www.multicasa.com.br\/cuiaba\/wp-json\/wp\/v2\/product"}],"about":[{"href":"https:\/\/www.multicasa.com.br\/cuiaba\/wp-json\/wp\/v2\/types\/product"}],"wp:attachment":[{"href":"https:\/\/www.multicasa.com.br\/cuiaba\/wp-json\/wp\/v2\/media?parent=28720"}],"wp:term":[{"taxonomy":"product_brand","embeddable":true,"href":"https:\/\/www.multicasa.com.br\/cuiaba\/wp-json\/wp\/v2\/product_brand?post=28720"},{"taxonomy":"product_cat","embeddable":true,"href":"https:\/\/www.multicasa.com.br\/cuiaba\/wp-json\/wp\/v2\/product_cat?post=28720"},{"taxonomy":"product_tag","embeddable":true,"href":"https:\/\/www.multicasa.com.br\/cuiaba\/wp-json\/wp\/v2\/product_tag?post=28720"}],"curies":[{"name":"wp","href":"https:\/\/api.w.org\/{rel}","templated":true}]}}