{"id":28789,"date":"2025-12-16T18:01:06","date_gmt":"2025-12-16T22:01:06","guid":{"rendered":"https:\/\/www.multicasa.com.br\/cuiaba\/produto\/soquete-c-rabicho-e27-2085-decorlux\/"},"modified":"2026-04-06T15:26:35","modified_gmt":"2026-04-06T19:26:35","slug":"soquete-c-rabicho-e27-2085-decorlux","status":"publish","type":"product","link":"https:\/\/www.multicasa.com.br\/cuiaba\/produto\/soquete-c-rabicho-e27-2085-decorlux\/","title":{"rendered":"SOQUETE C\/RABICHO E27 2085 DECORLUX<br>SKU: 3024695"},"content":{"rendered":"<p>Soquete com Rabicho E27<\/p>\n","protected":false},"excerpt":{"rendered":"<h4 style=\"margin: 0px;padding: 0px 0px 16px;font-family: Lato, sans-serif;font-weight: bold;line-height: 3rem;color: var(--dark-grey3);font-size: 22px;font-style: normal;letter-spacing: normal;text-align: start;text-indent: 0px;text-transform: none\">Informa\u00e7\u00f5es t\u00e9cnicas<\/h4>\n<p><span style=\"margin: 0px;padding: 0px;font-weight: 450;font-size: 14px;line-height: 21px;color: var(--dark-grey2);font-family: Lato, sans-serif;font-style: normal;letter-spacing: normal;text-align: start;text-indent: 0px;text-transform: none\">Soquete com rabicho modelo E27, fios de 15cm, pronto para liga\u00e7\u00e3o el\u00e9trica.<\/span><\/p>\n","protected":false},"featured_media":0,"template":"","meta":{"_joinchat":[]},"product_brand":[],"product_cat":[78],"product_tag":[],"class_list":{"0":"post-28789","1":"product","2":"type-product","3":"status-publish","5":"product_cat-iluminacao-comercial","7":"first","8":"instock","9":"shipping-taxable","10":"purchasable","11":"product-type-simple"},"_links":{"self":[{"href":"https:\/\/www.multicasa.com.br\/cuiaba\/wp-json\/wp\/v2\/product\/28789","targetHints":{"allow":["GET"]}}],"collection":[{"href":"https:\/\/www.multicasa.com.br\/cuiaba\/wp-json\/wp\/v2\/product"}],"about":[{"href":"https:\/\/www.multicasa.com.br\/cuiaba\/wp-json\/wp\/v2\/types\/product"}],"wp:attachment":[{"href":"https:\/\/www.multicasa.com.br\/cuiaba\/wp-json\/wp\/v2\/media?parent=28789"}],"wp:term":[{"taxonomy":"product_brand","embeddable":true,"href":"https:\/\/www.multicasa.com.br\/cuiaba\/wp-json\/wp\/v2\/product_brand?post=28789"},{"taxonomy":"product_cat","embeddable":true,"href":"https:\/\/www.multicasa.com.br\/cuiaba\/wp-json\/wp\/v2\/product_cat?post=28789"},{"taxonomy":"product_tag","embeddable":true,"href":"https:\/\/www.multicasa.com.br\/cuiaba\/wp-json\/wp\/v2\/product_tag?post=28789"}],"curies":[{"name":"wp","href":"https:\/\/api.w.org\/{rel}","templated":true}]}}