{"id":28862,"date":"2025-12-16T18:27:13","date_gmt":"2025-12-16T22:27:13","guid":{"rendered":"https:\/\/www.multicasa.com.br\/cuiaba\/produto\/acabamento-valv-desc-hyd-max-cr\/"},"modified":"2026-04-17T13:50:48","modified_gmt":"2026-04-17T17:50:48","slug":"acabamento-valv-desc-hyd-max-cr","status":"publish","type":"product","link":"https:\/\/www.multicasa.com.br\/cuiaba\/produto\/acabamento-valv-desc-hyd-max-cr\/","title":{"rendered":"ACABAMENTO VALV.DESC.HYD MAX CR<br>SKU: 2011858"},"content":{"rendered":"<p>ACABAMENTO VALV.DESC.HYD MAX CR<\/p>\n","protected":false},"excerpt":{"rendered":"<h4 style=\"margin: 0px;padding: 0px 0px 16px;font-family: Lato, sans-serif;font-weight: bold;line-height: 3rem;color: var(--dark-grey3);font-size: 22px;font-style: normal;letter-spacing: normal;text-align: start;text-indent: 0px;text-transform: none\">Informa\u00e7\u00f5es t\u00e9cnicas<\/h4>\n<p><span style=\"margin: 0px;padding: 0px;font-weight: 450;font-size: 14px;line-height: 21px;color: var(--dark-grey2);font-family: Lato, sans-serif;font-style: normal;letter-spacing: normal;text-align: start;text-indent: 0px;text-transform: none\">Acabamento cromado para registro ou v\u00e1lvula, alta durabilidade e design moderno.<\/span><\/p>\n","protected":false},"featured_media":0,"template":"","meta":{"_joinchat":[]},"product_brand":[],"product_cat":[67],"product_tag":[],"class_list":{"0":"post-28862","1":"product","2":"type-product","3":"status-publish","5":"product_cat-torneiras-e-cia","7":"first","8":"instock","9":"shipping-taxable","10":"purchasable","11":"product-type-simple"},"_links":{"self":[{"href":"https:\/\/www.multicasa.com.br\/cuiaba\/wp-json\/wp\/v2\/product\/28862","targetHints":{"allow":["GET"]}}],"collection":[{"href":"https:\/\/www.multicasa.com.br\/cuiaba\/wp-json\/wp\/v2\/product"}],"about":[{"href":"https:\/\/www.multicasa.com.br\/cuiaba\/wp-json\/wp\/v2\/types\/product"}],"wp:attachment":[{"href":"https:\/\/www.multicasa.com.br\/cuiaba\/wp-json\/wp\/v2\/media?parent=28862"}],"wp:term":[{"taxonomy":"product_brand","embeddable":true,"href":"https:\/\/www.multicasa.com.br\/cuiaba\/wp-json\/wp\/v2\/product_brand?post=28862"},{"taxonomy":"product_cat","embeddable":true,"href":"https:\/\/www.multicasa.com.br\/cuiaba\/wp-json\/wp\/v2\/product_cat?post=28862"},{"taxonomy":"product_tag","embeddable":true,"href":"https:\/\/www.multicasa.com.br\/cuiaba\/wp-json\/wp\/v2\/product_tag?post=28862"}],"curies":[{"name":"wp","href":"https:\/\/api.w.org\/{rel}","templated":true}]}}