{"id":28885,"date":"2025-12-16T18:52:55","date_gmt":"2025-12-16T22:52:55","guid":{"rendered":"https:\/\/www.multicasa.com.br\/cuiaba\/produto\/regador-plast-5l-5156-arqplast\/"},"modified":"2026-03-02T13:32:00","modified_gmt":"2026-03-02T17:32:00","slug":"regador-plast-5l-5156-arqplast","status":"publish","type":"product","link":"https:\/\/www.multicasa.com.br\/cuiaba\/produto\/regador-plast-5l-5156-arqplast\/","title":{"rendered":"REGADOR PLAST.5L 5156 ARQPLAST<br>SKU: 2158610"},"content":{"rendered":"<p>Regador de Jardim Pl\u00e1stico 5 Litros Arqplast<\/p>\n","protected":false},"excerpt":{"rendered":"<h4 style=\"margin: 0px;padding: 0px 0px 16px;font-family: Lato, sans-serif;font-weight: bold;line-height: 3rem;color: var(--dark-grey3);font-size: 22px;font-style: normal;letter-spacing: normal;text-align: start;text-indent: 0px;text-transform: none\">Informa\u00e7\u00f5es t\u00e9cnicas<\/h4>\n<p><span style=\"margin: 0px;padding: 0px;font-weight: 450;font-size: 14px;line-height: 21px;color: var(--dark-grey2);font-family: Lato, sans-serif;font-style: normal;letter-spacing: normal;text-align: start;text-indent: 0px;text-transform: none\">Tipo: Regador. Capacidade: 5 Litros. Material: Pl\u00e1stico. Marca: Arqplast.<\/span><\/p>\n","protected":false},"featured_media":0,"template":"","meta":{"_joinchat":[]},"product_brand":[],"product_cat":[76],"product_tag":[],"class_list":{"0":"post-28885","1":"product","2":"type-product","3":"status-publish","5":"product_cat-jardinagem","7":"first","8":"instock","9":"shipping-taxable","10":"purchasable","11":"product-type-simple"},"_links":{"self":[{"href":"https:\/\/www.multicasa.com.br\/cuiaba\/wp-json\/wp\/v2\/product\/28885","targetHints":{"allow":["GET"]}}],"collection":[{"href":"https:\/\/www.multicasa.com.br\/cuiaba\/wp-json\/wp\/v2\/product"}],"about":[{"href":"https:\/\/www.multicasa.com.br\/cuiaba\/wp-json\/wp\/v2\/types\/product"}],"wp:attachment":[{"href":"https:\/\/www.multicasa.com.br\/cuiaba\/wp-json\/wp\/v2\/media?parent=28885"}],"wp:term":[{"taxonomy":"product_brand","embeddable":true,"href":"https:\/\/www.multicasa.com.br\/cuiaba\/wp-json\/wp\/v2\/product_brand?post=28885"},{"taxonomy":"product_cat","embeddable":true,"href":"https:\/\/www.multicasa.com.br\/cuiaba\/wp-json\/wp\/v2\/product_cat?post=28885"},{"taxonomy":"product_tag","embeddable":true,"href":"https:\/\/www.multicasa.com.br\/cuiaba\/wp-json\/wp\/v2\/product_tag?post=28885"}],"curies":[{"name":"wp","href":"https:\/\/api.w.org\/{rel}","templated":true}]}}