{"id":29170,"date":"2025-12-16T20:02:11","date_gmt":"2025-12-17T00:02:11","guid":{"rendered":"https:\/\/www.multicasa.com.br\/cuiaba\/produto\/terminal-isolado-macho-15-25mm-in\/"},"modified":"2025-12-17T12:59:28","modified_gmt":"2025-12-17T16:59:28","slug":"terminal-isolado-macho-15-25mm-in","status":"publish","type":"product","link":"https:\/\/www.multicasa.com.br\/cuiaba\/produto\/terminal-isolado-macho-15-25mm-in\/","title":{"rendered":"TERMINAL ISOLADO MACHO 1,5-2,5MM IN<br>SKU: 2966611"},"content":{"rendered":"<p>Terminal Isolado Macho 1,5-2,5Mm In<\/p>\n","protected":false},"excerpt":{"rendered":"<h4 style=\"margin: 0px;padding: 0px 0px 16px;font-family: Lato, sans-serif;font-weight: bold;line-height: 3rem;color: var(--dark-grey3);font-size: 22px;font-style: normal;letter-spacing: normal;text-align: start;text-indent: 0px;text-transform: none\">Informa\u00e7\u00f5es t\u00e9cnicas<\/h4>\n<p><span style=\"margin: 0px;padding: 0px;font-weight: 450;font-size: 14px;line-height: 21px;color: var(--dark-grey2);font-family: Lato, sans-serif;font-style: normal;letter-spacing: normal;text-align: start;text-indent: 0px;text-transform: none\">Terminal macho isolado para cabos 1,5 a 2,5 mm\u00b2, facilita conex\u00f5es r\u00e1pidas em chicotes el\u00e9tricos.<\/span><\/p>\n","protected":false},"featured_media":0,"template":"","meta":{"_joinchat":[]},"product_brand":[],"product_cat":[119],"product_tag":[],"class_list":{"0":"post-29170","1":"product","2":"type-product","3":"status-publish","5":"product_cat-materiais-eletricos","7":"first","8":"instock","9":"shipping-taxable","10":"purchasable","11":"product-type-simple"},"_links":{"self":[{"href":"https:\/\/www.multicasa.com.br\/cuiaba\/wp-json\/wp\/v2\/product\/29170","targetHints":{"allow":["GET"]}}],"collection":[{"href":"https:\/\/www.multicasa.com.br\/cuiaba\/wp-json\/wp\/v2\/product"}],"about":[{"href":"https:\/\/www.multicasa.com.br\/cuiaba\/wp-json\/wp\/v2\/types\/product"}],"wp:attachment":[{"href":"https:\/\/www.multicasa.com.br\/cuiaba\/wp-json\/wp\/v2\/media?parent=29170"}],"wp:term":[{"taxonomy":"product_brand","embeddable":true,"href":"https:\/\/www.multicasa.com.br\/cuiaba\/wp-json\/wp\/v2\/product_brand?post=29170"},{"taxonomy":"product_cat","embeddable":true,"href":"https:\/\/www.multicasa.com.br\/cuiaba\/wp-json\/wp\/v2\/product_cat?post=29170"},{"taxonomy":"product_tag","embeddable":true,"href":"https:\/\/www.multicasa.com.br\/cuiaba\/wp-json\/wp\/v2\/product_tag?post=29170"}],"curies":[{"name":"wp","href":"https:\/\/api.w.org\/{rel}","templated":true}]}}