{"id":29276,"date":"2025-12-16T20:11:05","date_gmt":"2025-12-17T00:11:05","guid":{"rendered":"https:\/\/www.multicasa.com.br\/cuiaba\/produto\/dobradica-c-anel-31-2x2-cr-u-mundia\/"},"modified":"2026-02-02T17:50:12","modified_gmt":"2026-02-02T21:50:12","slug":"dobradica-c-anel-31-2x2-cr-u-mundia","status":"publish","type":"product","link":"https:\/\/www.multicasa.com.br\/cuiaba\/produto\/dobradica-c-anel-31-2x2-cr-u-mundia\/","title":{"rendered":"DOBRADICA C\/ANEL 31\/2X2 CR U.MUNDIA<br>SKU: 3340600"},"content":{"rendered":"<p>Dobradi\u00e7a 3.1\/2&#8243; x 2&#8243; Cromada com Anel Universal Mundial<\/p>\n","protected":false},"excerpt":{"rendered":"<h4 style=\"margin: 0px;padding: 0px 0px 16px;font-family: Lato, sans-serif;font-weight: bold;line-height: 3rem;color: var(--dark-grey3);font-size: 22px;font-style: normal;letter-spacing: normal;text-align: start;text-indent: 0px;text-transform: none\">Informa\u00e7\u00f5es t\u00e9cnicas<\/h4>\n<p><span style=\"margin: 0px;padding: 0px;font-weight: 450;font-size: 14px;line-height: 21px;color: var(--dark-grey2);font-family: Lato, sans-serif;font-style: normal;letter-spacing: normal;text-align: start;text-indent: 0px;text-transform: none\">Tipo: Dobradi\u00e7a de Porta. Medidas: 3.1\/2&#8243; x 2&#8243;. Acabamento: Cromado (CR). Detalhes: Com Anel (Rolamento). Marca: Universal Mundial.<\/span><\/p>\n","protected":false},"featured_media":0,"template":"","meta":{"_joinchat":[]},"product_brand":[],"product_cat":[141],"product_tag":[],"class_list":{"0":"post-29276","1":"product","2":"type-product","3":"status-publish","5":"product_cat-marcenaria","7":"first","8":"instock","9":"shipping-taxable","10":"purchasable","11":"product-type-simple"},"_links":{"self":[{"href":"https:\/\/www.multicasa.com.br\/cuiaba\/wp-json\/wp\/v2\/product\/29276","targetHints":{"allow":["GET"]}}],"collection":[{"href":"https:\/\/www.multicasa.com.br\/cuiaba\/wp-json\/wp\/v2\/product"}],"about":[{"href":"https:\/\/www.multicasa.com.br\/cuiaba\/wp-json\/wp\/v2\/types\/product"}],"wp:attachment":[{"href":"https:\/\/www.multicasa.com.br\/cuiaba\/wp-json\/wp\/v2\/media?parent=29276"}],"wp:term":[{"taxonomy":"product_brand","embeddable":true,"href":"https:\/\/www.multicasa.com.br\/cuiaba\/wp-json\/wp\/v2\/product_brand?post=29276"},{"taxonomy":"product_cat","embeddable":true,"href":"https:\/\/www.multicasa.com.br\/cuiaba\/wp-json\/wp\/v2\/product_cat?post=29276"},{"taxonomy":"product_tag","embeddable":true,"href":"https:\/\/www.multicasa.com.br\/cuiaba\/wp-json\/wp\/v2\/product_tag?post=29276"}],"curies":[{"name":"wp","href":"https:\/\/api.w.org\/{rel}","templated":true}]}}