{"id":29446,"date":"2025-12-16T20:26:03","date_gmt":"2025-12-17T00:26:03","guid":{"rendered":"https:\/\/www.multicasa.com.br\/cuiaba\/produto\/boia-caixa-dagua-metal-1-1-2-deca\/"},"modified":"2026-03-23T17:00:24","modified_gmt":"2026-03-23T21:00:24","slug":"boia-caixa-dagua-metal-1-1-2-deca","status":"publish","type":"product","link":"https:\/\/www.multicasa.com.br\/cuiaba\/produto\/boia-caixa-dagua-metal-1-1-2-deca\/","title":{"rendered":"BOIA CAIXA DAGUA METAL 1 1\/2 DECA<br>SKU: 73113"},"content":{"rendered":"<p>BOIA CAIXA DAGUA METAL 1 1\/2<\/p>\n","protected":false},"excerpt":{"rendered":"<h4 style=\"margin: 0px;padding: 0px 0px 16px;font-family: Lato, sans-serif;font-weight: bold;line-height: 3rem;color: var(--dark-grey3);font-size: 22px;font-style: normal;letter-spacing: normal;text-align: start;text-indent: 0px;text-transform: none\">Informa\u00e7\u00f5es t\u00e9cnicas<\/h4>\n<p><span style=\"margin: 0px;padding: 0px;font-weight: 450;font-size: 14px;line-height: 21px;color: var(--dark-grey2);font-family: Lato, sans-serif;font-style: normal;letter-spacing: normal;text-align: start;text-indent: 0px;text-transform: none\">Produto fabricado com alta resist\u00eancia e durabilidade, ideal para aplica\u00e7\u00f5es diversas.<\/span><\/p>\n","protected":false},"featured_media":0,"template":"","meta":{"_joinchat":[]},"product_brand":[],"product_cat":[66],"product_tag":[],"class_list":{"0":"post-29446","1":"product","2":"type-product","3":"status-publish","5":"product_cat-metais-basicos","7":"first","8":"instock","9":"shipping-taxable","10":"purchasable","11":"product-type-simple"},"_links":{"self":[{"href":"https:\/\/www.multicasa.com.br\/cuiaba\/wp-json\/wp\/v2\/product\/29446","targetHints":{"allow":["GET"]}}],"collection":[{"href":"https:\/\/www.multicasa.com.br\/cuiaba\/wp-json\/wp\/v2\/product"}],"about":[{"href":"https:\/\/www.multicasa.com.br\/cuiaba\/wp-json\/wp\/v2\/types\/product"}],"wp:attachment":[{"href":"https:\/\/www.multicasa.com.br\/cuiaba\/wp-json\/wp\/v2\/media?parent=29446"}],"wp:term":[{"taxonomy":"product_brand","embeddable":true,"href":"https:\/\/www.multicasa.com.br\/cuiaba\/wp-json\/wp\/v2\/product_brand?post=29446"},{"taxonomy":"product_cat","embeddable":true,"href":"https:\/\/www.multicasa.com.br\/cuiaba\/wp-json\/wp\/v2\/product_cat?post=29446"},{"taxonomy":"product_tag","embeddable":true,"href":"https:\/\/www.multicasa.com.br\/cuiaba\/wp-json\/wp\/v2\/product_tag?post=29446"}],"curies":[{"name":"wp","href":"https:\/\/api.w.org\/{rel}","templated":true}]}}