{"id":29787,"date":"2025-12-16T20:57:45","date_gmt":"2025-12-17T00:57:45","guid":{"rendered":"https:\/\/www.multicasa.com.br\/cuiaba\/produto\/engate-rap-mangueira-1-2-vd-lj\/"},"modified":"2026-03-10T16:50:43","modified_gmt":"2026-03-10T20:50:43","slug":"engate-rap-mangueira-1-2-vd-lj","status":"publish","type":"product","link":"https:\/\/www.multicasa.com.br\/cuiaba\/produto\/engate-rap-mangueira-1-2-vd-lj\/","title":{"rendered":"ENGATE RAP.MANGUEIRA 1\/2 VD\/LJ<br>SKU: 2014751"},"content":{"rendered":"<p>ENGATE RAP.MANGUEIRA 1\/2 VD\/LJ<\/p>\n","protected":false},"excerpt":{"rendered":"<h4 style=\"margin: 0px;padding: 0px 0px 16px;font-family: Lato, sans-serif;font-weight: bold;line-height: 3rem;color: var(--dark-grey3);font-size: 22px;font-style: normal;letter-spacing: normal;text-align: start;text-indent: 0px;text-transform: none\">Informa\u00e7\u00f5es t\u00e9cnicas<\/h4>\n<p><span style=\"margin: 0px;padding: 0px;font-weight: 450;font-size: 14px;line-height: 21px;color: var(--dark-grey2);font-family: Lato, sans-serif;font-style: normal;letter-spacing: normal;text-align: start;text-indent: 0px;text-transform: none\">Engate r\u00e1pido para mangueiras 1\/2 pol., facilita conex\u00f5es r\u00e1pidas e seguras em irriga\u00e7\u00e3o.<\/span><\/p>\n","protected":false},"featured_media":0,"template":"","meta":{"_joinchat":[]},"product_brand":[],"product_cat":[76],"product_tag":[],"class_list":{"0":"post-29787","1":"product","2":"type-product","3":"status-publish","5":"product_cat-jardinagem","7":"first","8":"instock","9":"shipping-taxable","10":"purchasable","11":"product-type-simple"},"_links":{"self":[{"href":"https:\/\/www.multicasa.com.br\/cuiaba\/wp-json\/wp\/v2\/product\/29787","targetHints":{"allow":["GET"]}}],"collection":[{"href":"https:\/\/www.multicasa.com.br\/cuiaba\/wp-json\/wp\/v2\/product"}],"about":[{"href":"https:\/\/www.multicasa.com.br\/cuiaba\/wp-json\/wp\/v2\/types\/product"}],"wp:attachment":[{"href":"https:\/\/www.multicasa.com.br\/cuiaba\/wp-json\/wp\/v2\/media?parent=29787"}],"wp:term":[{"taxonomy":"product_brand","embeddable":true,"href":"https:\/\/www.multicasa.com.br\/cuiaba\/wp-json\/wp\/v2\/product_brand?post=29787"},{"taxonomy":"product_cat","embeddable":true,"href":"https:\/\/www.multicasa.com.br\/cuiaba\/wp-json\/wp\/v2\/product_cat?post=29787"},{"taxonomy":"product_tag","embeddable":true,"href":"https:\/\/www.multicasa.com.br\/cuiaba\/wp-json\/wp\/v2\/product_tag?post=29787"}],"curies":[{"name":"wp","href":"https:\/\/api.w.org\/{rel}","templated":true}]}}