{"id":29788,"date":"2025-12-16T20:57:51","date_gmt":"2025-12-17T00:57:51","guid":{"rendered":"https:\/\/www.multicasa.com.br\/cuiaba\/produto\/lampada-led-bulbo-9w-biv-4-0k-tasc\/"},"modified":"2025-12-17T12:44:53","modified_gmt":"2025-12-17T16:44:53","slug":"lampada-led-bulbo-9w-biv-4-0k-tasc","status":"publish","type":"product","link":"https:\/\/www.multicasa.com.br\/cuiaba\/produto\/lampada-led-bulbo-9w-biv-4-0k-tasc\/","title":{"rendered":"LAMPADA LED BULBO 9W BIV. 4.0K TASC<br>SKU: 2014763"},"content":{"rendered":"<p>LAMPADA LED BULBO 9W BIV. 4.0K<\/p>\n","protected":false},"excerpt":{"rendered":"<h4 style=\"margin: 0px;padding: 0px 0px 16px;font-family: Lato, sans-serif;font-weight: bold;line-height: 3rem;color: var(--dark-grey3);font-size: 22px;font-style: normal;letter-spacing: normal;text-align: start;text-indent: 0px;text-transform: none\">Informa\u00e7\u00f5es t\u00e9cnicas<\/h4>\n<p><span style=\"margin: 0px;padding: 0px;font-weight: 450;font-size: 14px;line-height: 21px;color: var(--dark-grey2);font-family: Lato, sans-serif;font-style: normal;letter-spacing: normal;text-align: start;text-indent: 0px;text-transform: none\">Produto de ilumina\u00e7\u00e3o LED com alta efici\u00eancia energ\u00e9tica e longa vida \u00fatil, ideal para uso interno e externo.<\/span><\/p>\n","protected":false},"featured_media":0,"template":"","meta":{"_joinchat":[]},"product_brand":[],"product_cat":[80],"product_tag":[],"class_list":{"0":"post-29788","1":"product","2":"type-product","3":"status-publish","5":"product_cat-lampadas","7":"first","8":"instock","9":"shipping-taxable","10":"purchasable","11":"product-type-simple"},"_links":{"self":[{"href":"https:\/\/www.multicasa.com.br\/cuiaba\/wp-json\/wp\/v2\/product\/29788","targetHints":{"allow":["GET"]}}],"collection":[{"href":"https:\/\/www.multicasa.com.br\/cuiaba\/wp-json\/wp\/v2\/product"}],"about":[{"href":"https:\/\/www.multicasa.com.br\/cuiaba\/wp-json\/wp\/v2\/types\/product"}],"wp:attachment":[{"href":"https:\/\/www.multicasa.com.br\/cuiaba\/wp-json\/wp\/v2\/media?parent=29788"}],"wp:term":[{"taxonomy":"product_brand","embeddable":true,"href":"https:\/\/www.multicasa.com.br\/cuiaba\/wp-json\/wp\/v2\/product_brand?post=29788"},{"taxonomy":"product_cat","embeddable":true,"href":"https:\/\/www.multicasa.com.br\/cuiaba\/wp-json\/wp\/v2\/product_cat?post=29788"},{"taxonomy":"product_tag","embeddable":true,"href":"https:\/\/www.multicasa.com.br\/cuiaba\/wp-json\/wp\/v2\/product_tag?post=29788"}],"curies":[{"name":"wp","href":"https:\/\/api.w.org\/{rel}","templated":true}]}}