{"id":29871,"date":"2025-12-16T21:09:14","date_gmt":"2025-12-17T01:09:14","guid":{"rendered":"https:\/\/www.multicasa.com.br\/cuiaba\/produto\/plafon-led-emb-rd-24w-6-5k\/"},"modified":"2026-02-26T13:30:15","modified_gmt":"2026-02-26T17:30:15","slug":"plafon-led-emb-rd-24w-6-5k","status":"publish","type":"product","link":"https:\/\/www.multicasa.com.br\/cuiaba\/produto\/plafon-led-emb-rd-24w-6-5k\/","title":{"rendered":"PLAFON LED EMB.RD.24W 6.5K<br>SKU: 2036585"},"content":{"rendered":"<p>PLAFON LED EMB.RD.24W 6.5K<\/p>\n","protected":false},"excerpt":{"rendered":"<h4 style=\"margin: 0px;padding: 0px 0px 16px;font-family: Lato, sans-serif;font-weight: bold;line-height: 3rem;color: var(--dark-grey3);font-size: 22px;font-style: normal;letter-spacing: normal;text-align: start;text-indent: 0px;text-transform: none\">Informa\u00e7\u00f5es t\u00e9cnicas<\/h4>\n<p><span style=\"margin: 0px;padding: 0px;font-weight: 450;font-size: 14px;line-height: 21px;color: var(--dark-grey2);font-family: Lato, sans-serif;font-style: normal;letter-spacing: normal;text-align: start;text-indent: 0px;text-transform: none\">Plafon LED embutir\/sobrepor, pot\u00eancia conforme modelo, baixo consumo e luz branca fria (6500K) ou quente (3000K).<\/span><\/p>\n","protected":false},"featured_media":0,"template":"","meta":{"_joinchat":[]},"product_brand":[],"product_cat":[157],"product_tag":[],"class_list":{"0":"post-29871","1":"product","2":"type-product","3":"status-publish","5":"product_cat-leds-decorativos","7":"first","8":"instock","9":"shipping-taxable","10":"purchasable","11":"product-type-simple"},"_links":{"self":[{"href":"https:\/\/www.multicasa.com.br\/cuiaba\/wp-json\/wp\/v2\/product\/29871","targetHints":{"allow":["GET"]}}],"collection":[{"href":"https:\/\/www.multicasa.com.br\/cuiaba\/wp-json\/wp\/v2\/product"}],"about":[{"href":"https:\/\/www.multicasa.com.br\/cuiaba\/wp-json\/wp\/v2\/types\/product"}],"wp:attachment":[{"href":"https:\/\/www.multicasa.com.br\/cuiaba\/wp-json\/wp\/v2\/media?parent=29871"}],"wp:term":[{"taxonomy":"product_brand","embeddable":true,"href":"https:\/\/www.multicasa.com.br\/cuiaba\/wp-json\/wp\/v2\/product_brand?post=29871"},{"taxonomy":"product_cat","embeddable":true,"href":"https:\/\/www.multicasa.com.br\/cuiaba\/wp-json\/wp\/v2\/product_cat?post=29871"},{"taxonomy":"product_tag","embeddable":true,"href":"https:\/\/www.multicasa.com.br\/cuiaba\/wp-json\/wp\/v2\/product_tag?post=29871"}],"curies":[{"name":"wp","href":"https:\/\/api.w.org\/{rel}","templated":true}]}}