{"id":29966,"date":"2025-12-16T21:18:20","date_gmt":"2025-12-17T01:18:20","guid":{"rendered":"https:\/\/www.multicasa.com.br\/cuiaba\/produto\/soquete-adapt-e27-plug-mach-2p-90\/"},"modified":"2026-04-06T14:52:59","modified_gmt":"2026-04-06T18:52:59","slug":"soquete-adapt-e27-plug-mach-2p-90","status":"publish","type":"product","link":"https:\/\/www.multicasa.com.br\/cuiaba\/produto\/soquete-adapt-e27-plug-mach-2p-90\/","title":{"rendered":"SOQUETE ADAPT.E27 PLUG MACH.2P 90\u00b0<br>SKU: 2080793"},"content":{"rendered":"<p>Soquete Adapt.E27 Plug Mach.2P 90\u00b0<\/p>\n","protected":false},"excerpt":{"rendered":"<h4 style=\"margin: 0px;padding: 0px 0px 16px;font-family: Lato, sans-serif;font-weight: bold;line-height: 3rem;color: var(--dark-grey3);font-size: 22px;font-style: normal;letter-spacing: normal;text-align: start;text-indent: 0px;text-transform: none\">Informa\u00e7\u00f5es t\u00e9cnicas<\/h4>\n<p><span style=\"margin: 0px;padding: 0px;font-weight: 450;font-size: 14px;line-height: 21px;color: var(--dark-grey2);font-family: Lato, sans-serif;font-style: normal;letter-spacing: normal;text-align: start;text-indent: 0px;text-transform: none\">Soquete adaptador E27 com plugue macho 2 pinos 90\u00b0, permite conectar l\u00e2mpada em tomada padr\u00e3o brasileiro, corpo em pl\u00e1stico, tens\u00e3o at\u00e9 127\/220 V, uso interno.<\/span><\/p>\n","protected":false},"featured_media":0,"template":"","meta":{"_joinchat":[]},"product_brand":[],"product_cat":[78],"product_tag":[],"class_list":{"0":"post-29966","1":"product","2":"type-product","3":"status-publish","5":"product_cat-iluminacao-comercial","7":"first","8":"instock","9":"shipping-taxable","10":"purchasable","11":"product-type-simple"},"_links":{"self":[{"href":"https:\/\/www.multicasa.com.br\/cuiaba\/wp-json\/wp\/v2\/product\/29966","targetHints":{"allow":["GET"]}}],"collection":[{"href":"https:\/\/www.multicasa.com.br\/cuiaba\/wp-json\/wp\/v2\/product"}],"about":[{"href":"https:\/\/www.multicasa.com.br\/cuiaba\/wp-json\/wp\/v2\/types\/product"}],"wp:attachment":[{"href":"https:\/\/www.multicasa.com.br\/cuiaba\/wp-json\/wp\/v2\/media?parent=29966"}],"wp:term":[{"taxonomy":"product_brand","embeddable":true,"href":"https:\/\/www.multicasa.com.br\/cuiaba\/wp-json\/wp\/v2\/product_brand?post=29966"},{"taxonomy":"product_cat","embeddable":true,"href":"https:\/\/www.multicasa.com.br\/cuiaba\/wp-json\/wp\/v2\/product_cat?post=29966"},{"taxonomy":"product_tag","embeddable":true,"href":"https:\/\/www.multicasa.com.br\/cuiaba\/wp-json\/wp\/v2\/product_tag?post=29966"}],"curies":[{"name":"wp","href":"https:\/\/api.w.org\/{rel}","templated":true}]}}