{"id":29992,"date":"2025-12-16T21:19:42","date_gmt":"2025-12-17T01:19:42","guid":{"rendered":"https:\/\/www.multicasa.com.br\/cuiaba\/produto\/quadro-sob-s-b-36d-90a-pvc-bc-pt-pi\/"},"modified":"2025-12-17T12:48:56","modified_gmt":"2025-12-17T16:48:56","slug":"quadro-sob-s-b-36d-90a-pvc-bc-pt-pi","status":"publish","type":"product","link":"https:\/\/www.multicasa.com.br\/cuiaba\/produto\/quadro-sob-s-b-36d-90a-pvc-bc-pt-pi\/","title":{"rendered":"QUADRO SOB.S\/B 36D 90A PVC BC\/PT PI<br>SKU: 2088840"},"content":{"rendered":"<p>Quadro de Distribui\u00e7\u00e3o de Sobrepor 36 Disjuntores PVC Branco\/Preto Pial<\/p>\n","protected":false},"excerpt":{"rendered":"<h4 style=\"margin: 0px;padding: 0px 0px 16px;font-family: Lato, sans-serif;font-weight: bold;line-height: 3rem;color: var(--dark-grey3);font-size: 22px;font-style: normal;letter-spacing: normal;text-align: start;text-indent: 0px;text-transform: none\">Informa\u00e7\u00f5es t\u00e9cnicas<\/h4>\n<p><span style=\"margin: 0px;padding: 0px;font-weight: 450;font-size: 14px;line-height: 21px;color: var(--dark-grey2);font-family: Lato, sans-serif;font-style: normal;letter-spacing: normal;text-align: start;text-indent: 0px;text-transform: none\">Tipo: Quadro de Distribui\u00e7\u00e3o (QDC) sem barramento. Instala\u00e7\u00e3o: Sobrepor. Capacidade: 36 Disjuntores (36D). Material: PVC. Cor: Branco\/Preto (BC\/PT). Marca: Pial Legrand.<\/span><\/p>\n","protected":false},"featured_media":0,"template":"","meta":{"_joinchat":[]},"product_brand":[],"product_cat":[122],"product_tag":[],"class_list":{"0":"post-29992","1":"product","2":"type-product","3":"status-publish","5":"product_cat-quadros-e-cia","7":"first","8":"instock","9":"shipping-taxable","10":"purchasable","11":"product-type-simple"},"_links":{"self":[{"href":"https:\/\/www.multicasa.com.br\/cuiaba\/wp-json\/wp\/v2\/product\/29992","targetHints":{"allow":["GET"]}}],"collection":[{"href":"https:\/\/www.multicasa.com.br\/cuiaba\/wp-json\/wp\/v2\/product"}],"about":[{"href":"https:\/\/www.multicasa.com.br\/cuiaba\/wp-json\/wp\/v2\/types\/product"}],"wp:attachment":[{"href":"https:\/\/www.multicasa.com.br\/cuiaba\/wp-json\/wp\/v2\/media?parent=29992"}],"wp:term":[{"taxonomy":"product_brand","embeddable":true,"href":"https:\/\/www.multicasa.com.br\/cuiaba\/wp-json\/wp\/v2\/product_brand?post=29992"},{"taxonomy":"product_cat","embeddable":true,"href":"https:\/\/www.multicasa.com.br\/cuiaba\/wp-json\/wp\/v2\/product_cat?post=29992"},{"taxonomy":"product_tag","embeddable":true,"href":"https:\/\/www.multicasa.com.br\/cuiaba\/wp-json\/wp\/v2\/product_tag?post=29992"}],"curies":[{"name":"wp","href":"https:\/\/api.w.org\/{rel}","templated":true}]}}