{"id":30136,"date":"2025-12-16T21:31:35","date_gmt":"2025-12-17T01:31:35","guid":{"rendered":"https:\/\/www.multicasa.com.br\/cuiaba\/produto\/acabamento-1-2a1-deca-nov-pert-cr-d\/"},"modified":"2026-04-17T10:30:18","modified_gmt":"2026-04-17T14:30:18","slug":"acabamento-1-2a1-deca-nov-pert-cr-d","status":"publish","type":"product","link":"https:\/\/www.multicasa.com.br\/cuiaba\/produto\/acabamento-1-2a1-deca-nov-pert-cr-d\/","title":{"rendered":"ACABAMENTO 1\/2A1 DECA NOV.PERT.CR D<br>SKU: 2126572"},"content":{"rendered":"<p>Acabamento para Registro 1\/2&#8243; a 1&#8243; Deca Nova Pertutti Cromado<\/p>\n","protected":false},"excerpt":{"rendered":"<h4 style=\"margin: 0px;padding: 0px 0px 16px;font-family: Lato, sans-serif;font-weight: bold;line-height: 3rem;color: var(--dark-grey3);font-size: 22px;font-style: normal;letter-spacing: normal;text-align: start;text-indent: 0px;text-transform: none\">Informa\u00e7\u00f5es t\u00e9cnicas<\/h4>\n<p><span style=\"margin: 0px;padding: 0px;font-weight: 450;font-size: 14px;line-height: 21px;color: var(--dark-grey2);font-family: Lato, sans-serif;font-style: normal;letter-spacing: normal;text-align: start;text-indent: 0px;text-transform: none\">Tipo: Acabamento para Registro. Medidas: 1\/2&#8243; a 1&#8243;. Linha: Nova Pertutti. Acabamento: Cromado (CR). Marca: Deca.<\/span><\/p>\n","protected":false},"featured_media":0,"template":"","meta":{"_joinchat":[]},"product_brand":[],"product_cat":[67],"product_tag":[],"class_list":{"0":"post-30136","1":"product","2":"type-product","3":"status-publish","5":"product_cat-torneiras-e-cia","7":"first","8":"instock","9":"shipping-taxable","10":"purchasable","11":"product-type-simple"},"_links":{"self":[{"href":"https:\/\/www.multicasa.com.br\/cuiaba\/wp-json\/wp\/v2\/product\/30136","targetHints":{"allow":["GET"]}}],"collection":[{"href":"https:\/\/www.multicasa.com.br\/cuiaba\/wp-json\/wp\/v2\/product"}],"about":[{"href":"https:\/\/www.multicasa.com.br\/cuiaba\/wp-json\/wp\/v2\/types\/product"}],"wp:attachment":[{"href":"https:\/\/www.multicasa.com.br\/cuiaba\/wp-json\/wp\/v2\/media?parent=30136"}],"wp:term":[{"taxonomy":"product_brand","embeddable":true,"href":"https:\/\/www.multicasa.com.br\/cuiaba\/wp-json\/wp\/v2\/product_brand?post=30136"},{"taxonomy":"product_cat","embeddable":true,"href":"https:\/\/www.multicasa.com.br\/cuiaba\/wp-json\/wp\/v2\/product_cat?post=30136"},{"taxonomy":"product_tag","embeddable":true,"href":"https:\/\/www.multicasa.com.br\/cuiaba\/wp-json\/wp\/v2\/product_tag?post=30136"}],"curies":[{"name":"wp","href":"https:\/\/api.w.org\/{rel}","templated":true}]}}