{"id":30828,"date":"2025-12-16T22:29:35","date_gmt":"2025-12-17T02:29:35","guid":{"rendered":"https:\/\/www.multicasa.com.br\/cuiaba\/produto\/luminaria-led-p-flat-80w-6-5k-bc-op\/"},"modified":"2026-02-06T17:30:15","modified_gmt":"2026-02-06T21:30:15","slug":"luminaria-led-p-flat-80w-6-5k-bc-op","status":"publish","type":"product","link":"https:\/\/www.multicasa.com.br\/cuiaba\/produto\/luminaria-led-p-flat-80w-6-5k-bc-op\/","title":{"rendered":"LUMINARIA LED P.FLAT 80W 6.5K BC OP<br>SKU: 2221945"},"content":{"rendered":"<p>LUMINARIA LED P.FLAT 80W 6.5K BC OP<\/p>\n","protected":false},"excerpt":{"rendered":"<h4 style=\"margin: 0px;padding: 0px 0px 16px;font-family: Lato, sans-serif;font-weight: bold;line-height: 3rem;color: var(--dark-grey3);font-size: 22px;font-style: normal;letter-spacing: normal;text-align: start;text-indent: 0px;text-transform: none\">Informa\u00e7\u00f5es t\u00e9cnicas<\/h4>\n<p><span style=\"margin: 0px;padding: 0px;font-weight: 450;font-size: 14px;line-height: 21px;color: var(--dark-grey2);font-family: Lato, sans-serif;font-style: normal;letter-spacing: normal;text-align: start;text-indent: 0px;text-transform: none\">Lumin\u00e1ria\/ilumina\u00e7\u00e3o em LED, baixo consumo, alta efici\u00eancia e temperatura de cor conforme especifica\u00e7\u00e3o.<\/span><\/p>\n","protected":false},"featured_media":0,"template":"","meta":{"_joinchat":[]},"product_brand":[],"product_cat":[79],"product_tag":[],"class_list":{"0":"post-30828","1":"product","2":"type-product","3":"status-publish","5":"product_cat-iluminacao-decorativa","7":"first","8":"instock","9":"shipping-taxable","10":"purchasable","11":"product-type-simple"},"_links":{"self":[{"href":"https:\/\/www.multicasa.com.br\/cuiaba\/wp-json\/wp\/v2\/product\/30828","targetHints":{"allow":["GET"]}}],"collection":[{"href":"https:\/\/www.multicasa.com.br\/cuiaba\/wp-json\/wp\/v2\/product"}],"about":[{"href":"https:\/\/www.multicasa.com.br\/cuiaba\/wp-json\/wp\/v2\/types\/product"}],"wp:attachment":[{"href":"https:\/\/www.multicasa.com.br\/cuiaba\/wp-json\/wp\/v2\/media?parent=30828"}],"wp:term":[{"taxonomy":"product_brand","embeddable":true,"href":"https:\/\/www.multicasa.com.br\/cuiaba\/wp-json\/wp\/v2\/product_brand?post=30828"},{"taxonomy":"product_cat","embeddable":true,"href":"https:\/\/www.multicasa.com.br\/cuiaba\/wp-json\/wp\/v2\/product_cat?post=30828"},{"taxonomy":"product_tag","embeddable":true,"href":"https:\/\/www.multicasa.com.br\/cuiaba\/wp-json\/wp\/v2\/product_tag?post=30828"}],"curies":[{"name":"wp","href":"https:\/\/api.w.org\/{rel}","templated":true}]}}