{"id":30892,"date":"2025-12-16T22:34:29","date_gmt":"2025-12-17T02:34:29","guid":{"rendered":"https:\/\/www.multicasa.com.br\/cuiaba\/produto\/spot-led-emb-decor-qd-7w-3-0k-bc-ll\/"},"modified":"2026-04-23T09:50:14","modified_gmt":"2026-04-23T13:50:14","slug":"spot-led-emb-decor-qd-7w-3-0k-bc-ll","status":"publish","type":"product","link":"https:\/\/www.multicasa.com.br\/cuiaba\/produto\/spot-led-emb-decor-qd-7w-3-0k-bc-ll\/","title":{"rendered":"SPOT LED EMB.DECOR QD 7W 3.0K BC LL<br>SKU: 2232354"},"content":{"rendered":"<p>Spot LED Decorativo Quadrado 7W 3000K Branco<\/p>\n","protected":false},"excerpt":{"rendered":"<h4 style=\"margin: 0px;padding: 0px 0px 16px;font-family: Lato, sans-serif;font-weight: bold;line-height: 3rem;color: var(--dark-grey3);font-size: 22px;font-style: normal;letter-spacing: normal;text-align: start;text-indent: 0px;text-transform: none\">Informa\u00e7\u00f5es t\u00e9cnicas<\/h4>\n<p><span style=\"margin: 0px;padding: 0px;font-weight: 450;font-size: 14px;line-height: 21px;color: var(--dark-grey2);font-family: Lato, sans-serif;font-style: normal;letter-spacing: normal;text-align: start;text-indent: 0px;text-transform: none\">Spot LED quadrado 7W, luz quente 3000K, bivolt, ideal para decora\u00e7\u00e3o e ilumina\u00e7\u00e3o aconchegante.<\/span><\/p>\n","protected":false},"featured_media":0,"template":"","meta":{"_joinchat":[]},"product_brand":[],"product_cat":[78],"product_tag":[],"class_list":{"0":"post-30892","1":"product","2":"type-product","3":"status-publish","5":"product_cat-iluminacao-comercial","7":"first","8":"outofstock","9":"shipping-taxable","10":"purchasable","11":"product-type-simple"},"_links":{"self":[{"href":"https:\/\/www.multicasa.com.br\/cuiaba\/wp-json\/wp\/v2\/product\/30892","targetHints":{"allow":["GET"]}}],"collection":[{"href":"https:\/\/www.multicasa.com.br\/cuiaba\/wp-json\/wp\/v2\/product"}],"about":[{"href":"https:\/\/www.multicasa.com.br\/cuiaba\/wp-json\/wp\/v2\/types\/product"}],"wp:attachment":[{"href":"https:\/\/www.multicasa.com.br\/cuiaba\/wp-json\/wp\/v2\/media?parent=30892"}],"wp:term":[{"taxonomy":"product_brand","embeddable":true,"href":"https:\/\/www.multicasa.com.br\/cuiaba\/wp-json\/wp\/v2\/product_brand?post=30892"},{"taxonomy":"product_cat","embeddable":true,"href":"https:\/\/www.multicasa.com.br\/cuiaba\/wp-json\/wp\/v2\/product_cat?post=30892"},{"taxonomy":"product_tag","embeddable":true,"href":"https:\/\/www.multicasa.com.br\/cuiaba\/wp-json\/wp\/v2\/product_tag?post=30892"}],"curies":[{"name":"wp","href":"https:\/\/api.w.org\/{rel}","templated":true}]}}