{"id":31001,"date":"2025-12-16T22:43:32","date_gmt":"2025-12-17T02:43:32","guid":{"rendered":"https:\/\/www.multicasa.com.br\/cuiaba\/produto\/serra-tico-tico-550w-127v-bd\/"},"modified":"2026-01-21T10:51:07","modified_gmt":"2026-01-21T14:51:07","slug":"serra-tico-tico-550w-127v-bd","status":"publish","type":"product","link":"https:\/\/www.multicasa.com.br\/cuiaba\/produto\/serra-tico-tico-550w-127v-bd\/","title":{"rendered":"SERRA TICO TICO 550W 127V B&amp;D<br>SKU: 2245543"},"content":{"rendered":"<p>Serra Tico-Tico 550W 127V Black &amp; Decker<\/p>\n","protected":false},"excerpt":{"rendered":"<h4 style=\"margin: 0px;padding: 0px 0px 16px;font-family: Lato, sans-serif;font-weight: bold;line-height: 3rem;color: var(--dark-grey3);font-size: 22px;font-style: normal;letter-spacing: normal;text-align: start;text-indent: 0px;text-transform: none\">Informa\u00e7\u00f5es t\u00e9cnicas<\/h4>\n<p><span style=\"margin: 0px;padding: 0px;font-weight: 450;font-size: 14px;line-height: 21px;color: var(--dark-grey2);font-family: Lato, sans-serif;font-style: normal;letter-spacing: normal;text-align: start;text-indent: 0px;text-transform: none\">Tipo: Serra Tico-Tico. Pot\u00eancia: 550W. Tens\u00e3o: 127V. Marca: Black &amp; Decker.<\/span><\/p>\n","protected":false},"featured_media":0,"template":"","meta":{"_joinchat":[]},"product_brand":[],"product_cat":[152],"product_tag":[],"class_list":{"0":"post-31001","1":"product","2":"type-product","3":"status-publish","5":"product_cat-ferramentas-eletricas","7":"first","8":"instock","9":"shipping-taxable","10":"purchasable","11":"product-type-simple"},"_links":{"self":[{"href":"https:\/\/www.multicasa.com.br\/cuiaba\/wp-json\/wp\/v2\/product\/31001","targetHints":{"allow":["GET"]}}],"collection":[{"href":"https:\/\/www.multicasa.com.br\/cuiaba\/wp-json\/wp\/v2\/product"}],"about":[{"href":"https:\/\/www.multicasa.com.br\/cuiaba\/wp-json\/wp\/v2\/types\/product"}],"wp:attachment":[{"href":"https:\/\/www.multicasa.com.br\/cuiaba\/wp-json\/wp\/v2\/media?parent=31001"}],"wp:term":[{"taxonomy":"product_brand","embeddable":true,"href":"https:\/\/www.multicasa.com.br\/cuiaba\/wp-json\/wp\/v2\/product_brand?post=31001"},{"taxonomy":"product_cat","embeddable":true,"href":"https:\/\/www.multicasa.com.br\/cuiaba\/wp-json\/wp\/v2\/product_cat?post=31001"},{"taxonomy":"product_tag","embeddable":true,"href":"https:\/\/www.multicasa.com.br\/cuiaba\/wp-json\/wp\/v2\/product_tag?post=31001"}],"curies":[{"name":"wp","href":"https:\/\/api.w.org\/{rel}","templated":true}]}}