{"id":31080,"date":"2025-12-16T22:49:39","date_gmt":"2025-12-17T02:49:39","guid":{"rendered":"https:\/\/www.multicasa.com.br\/cuiaba\/produto\/hidrolavadora-a-p-portatil-127v\/"},"modified":"2026-01-05T09:03:19","modified_gmt":"2026-01-05T13:03:19","slug":"hidrolavadora-a-p-portatil-127v","status":"publish","type":"product","link":"https:\/\/www.multicasa.com.br\/cuiaba\/produto\/hidrolavadora-a-p-portatil-127v\/","title":{"rendered":"HIDROLAVADORA A.P. PORTATIL 127V<br>SKU: 2250533"},"content":{"rendered":"<p>HIDROLAVADORA A.P. PORTATIL 127V<\/p>\n","protected":false},"excerpt":{"rendered":"<h4 style=\"margin: 0px;padding: 0px 0px 16px;font-family: Lato, sans-serif;font-weight: bold;line-height: 3rem;color: var(--dark-grey3);font-size: 22px;font-style: normal;letter-spacing: normal;text-align: start;text-indent: 0px;text-transform: none\" data-mce-style=\"margin: 0px; padding: 0px 0px 16px; font-family: Lato, sans-serif; font-weight: bold; line-height: 3rem; color: var(--dark-grey3); font-size: 22px; font-style: normal; letter-spacing: normal; text-align: start; text-indent: 0px; text-transform: none;\">Informa\u00e7\u00f5es t\u00e9cnicas<\/h4>\n<p><span style=\"margin: 0px;padding: 0px;font-weight: 450;font-size: 14px;line-height: 21px;color: var(--dark-grey2);font-family: Lato, sans-serif;font-style: normal;letter-spacing: normal;text-align: start;text-indent: 0px;text-transform: none\" data-mce-style=\"margin: 0px; padding: 0px; font-weight: 450; font-size: 14px; line-height: 21px; color: var(--dark-grey2); font-family: Lato, sans-serif; font-style: normal; letter-spacing: normal; text-align: start; text-indent: 0px; text-transform: none;\">Hidrolavadora de alta press\u00e3o port\u00e1til 127V, ideal para limpeza dom\u00e9stica e automotiva.<\/span><\/p>\n","protected":false},"featured_media":31508,"template":"","meta":{"_joinchat":[]},"product_brand":[],"product_cat":[75],"product_tag":[],"class_list":{"0":"post-31080","1":"product","2":"type-product","3":"status-publish","4":"has-post-thumbnail","6":"product_cat-bombas-e-cia","8":"first","9":"instock","10":"shipping-taxable","11":"purchasable","12":"product-type-simple"},"_links":{"self":[{"href":"https:\/\/www.multicasa.com.br\/cuiaba\/wp-json\/wp\/v2\/product\/31080","targetHints":{"allow":["GET"]}}],"collection":[{"href":"https:\/\/www.multicasa.com.br\/cuiaba\/wp-json\/wp\/v2\/product"}],"about":[{"href":"https:\/\/www.multicasa.com.br\/cuiaba\/wp-json\/wp\/v2\/types\/product"}],"wp:featuredmedia":[{"embeddable":true,"href":"https:\/\/www.multicasa.com.br\/cuiaba\/wp-json\/wp\/v2\/media\/31508"}],"wp:attachment":[{"href":"https:\/\/www.multicasa.com.br\/cuiaba\/wp-json\/wp\/v2\/media?parent=31080"}],"wp:term":[{"taxonomy":"product_brand","embeddable":true,"href":"https:\/\/www.multicasa.com.br\/cuiaba\/wp-json\/wp\/v2\/product_brand?post=31080"},{"taxonomy":"product_cat","embeddable":true,"href":"https:\/\/www.multicasa.com.br\/cuiaba\/wp-json\/wp\/v2\/product_cat?post=31080"},{"taxonomy":"product_tag","embeddable":true,"href":"https:\/\/www.multicasa.com.br\/cuiaba\/wp-json\/wp\/v2\/product_tag?post=31080"}],"curies":[{"name":"wp","href":"https:\/\/api.w.org\/{rel}","templated":true}]}}